{"id":44240,"date":"2025-03-01T11:17:00","date_gmt":"2025-03-01T08:17:00","guid":{"rendered":"https:\/\/amaldis.md\/product\/banda-de-rezistenta-elastiband-record-fi-6345-b-12kg\/"},"modified":"2025-03-01T11:17:00","modified_gmt":"2025-03-01T08:17:00","slug":"banda-de-rezistenta-elastiband-record-fi-6345-b-12kg","status":"publish","type":"product","link":"https:\/\/amaldis.md\/ro\/produs\/banda-de-rezistenta-elastiband-record-fi-6345-b-12kg\/","title":{"rendered":"Band\u0103 de rezisten\u021b\u0103 Elastiband Record FI-6345-B 12kg"},"content":{"rendered":"<h4 class=\"product-intro__title\">Band\u0103 de rezisten\u021b\u0103 Elastiband Record FI-6345-B 12kg<\/h4>\n<p>Banda de expandare Elastiband este o band\u0103 elastic\u0103 cu opt bucle cusute pe ambele p\u0103r\u021bi. Fiecare bucl\u0103 are un num\u0103r pe ea, permi\u021b\u00e2ndu-v\u0103 s\u0103 selecta\u021bi nivelul de \u00eentindere dorit. Acest echipament este destul de u\u0219or de utilizat: pentru a efectua exerci\u021biul, pur \u0219i simplu fixa\u021bi piciorul la un cap\u0103t al buclei \u0219i trage\u021bi banda cu m\u00e2na pe cealalt\u0103 parte. \u00cen plus, pute\u021bi face \u00eentindere \u00een pozi\u021bie culcat, ajust\u00e2nd \u00een acela\u0219i timp for\u021ba de rezisten\u021b\u0103.<\/p>\n<p>Exerci\u021biile cu benzi elastice v\u0103 permit s\u0103 lucra\u021bi mai multe grupe de mu\u0219chi simultan, \u00een special mu\u0219chii spatelui, abdomenului, coapselor, pieptului, bra\u021belor, feselor, precum \u0219i s\u0103 dezvolta\u021bi flexibilitatea \u0219i s\u0103 v\u0103 \u00eembun\u0103t\u0103\u021bi\u021bi semnificativ starea fizic\u0103 general\u0103.<br \/>\nAcesta este un aparat de exerci\u021bii ideal pentru fitness, yoga \u0219i Pilates. Expansorul este bun \u0219i pentru \u00eentinderea \u0219i \u00eenc\u0103lzirea mu\u0219chilor acas\u0103. Ocup\u0103 foarte pu\u021bin spa\u021biu \u0219i poate fi folosit eficient at\u00e2t de femei, c\u00e2t \u0219i de b\u0103rba\u021bi.<\/p>\n<p>Tip de band\u0103 elastic\u0103<br \/>\nSet complet 1 buc.<br \/>\nDimensiuni (LxL) 90x4cm<br \/>\nMaterial Poliester \/ Elastan<br \/>\nTara de origine: China<\/p>\n","protected":false},"excerpt":{"rendered":"<h3 class=\"product-intro__title\">Band\u0103 elastic\u0103 cu bucle pentru extensia band\u0103 de \u00eentindere Elastiband Record FI-6345-B 12kg<\/h3>\n","protected":false},"featured_media":44239,"comment_status":"open","ping_status":"closed","template":"","meta":{"_et_pb_use_builder":"","_et_pb_old_content":"","_et_gb_content_width":""},"product_brand":[],"product_cat":[681,661],"product_tag":[869,831,921],"class_list":{"0":"post-44240","1":"product","2":"type-product","3":"status-publish","4":"has-post-thumbnail","6":"product_cat-fitness-si-yoga","7":"product_cat-pentru-gimnastica","8":"product_tag-expander","9":"product_tag-fitness","10":"product_tag-yoga","12":"first","13":"instock","14":"shipping-taxable","15":"purchasable","16":"product-type-simple"},"aioseo_notices":[],"_links":{"self":[{"href":"https:\/\/amaldis.md\/ro\/wp-json\/wp\/v2\/product\/44240","targetHints":{"allow":["GET"]}}],"collection":[{"href":"https:\/\/amaldis.md\/ro\/wp-json\/wp\/v2\/product"}],"about":[{"href":"https:\/\/amaldis.md\/ro\/wp-json\/wp\/v2\/types\/product"}],"replies":[{"embeddable":true,"href":"https:\/\/amaldis.md\/ro\/wp-json\/wp\/v2\/comments?post=44240"}],"wp:featuredmedia":[{"embeddable":true,"href":"https:\/\/amaldis.md\/ro\/wp-json\/wp\/v2\/media\/44239"}],"wp:attachment":[{"href":"https:\/\/amaldis.md\/ro\/wp-json\/wp\/v2\/media?parent=44240"}],"wp:term":[{"taxonomy":"product_brand","embeddable":true,"href":"https:\/\/amaldis.md\/ro\/wp-json\/wp\/v2\/product_brand?post=44240"},{"taxonomy":"product_cat","embeddable":true,"href":"https:\/\/amaldis.md\/ro\/wp-json\/wp\/v2\/product_cat?post=44240"},{"taxonomy":"product_tag","embeddable":true,"href":"https:\/\/amaldis.md\/ro\/wp-json\/wp\/v2\/product_tag?post=44240"}],"curies":[{"name":"wp","href":"https:\/\/api.w.org\/{rel}","templated":true}]}}