{"id":44280,"date":"2025-03-01T13:06:11","date_gmt":"2025-03-01T10:06:11","guid":{"rendered":"https:\/\/amaldis.md\/product\/banda-de-alimentare-bloom-super-band-lb7071-4-verde\/"},"modified":"2025-03-01T13:06:11","modified_gmt":"2025-03-01T10:06:11","slug":"banda-de-alimentare-bloom-super-band-lb7071-4-verde","status":"publish","type":"product","link":"https:\/\/amaldis.md\/ro\/produs\/banda-de-alimentare-bloom-super-band-lb7071-4-verde\/","title":{"rendered":"Band\u0103 de alimentare BLOOM SUPER BAND LB7071-4 verde"},"content":{"rendered":"<h4>Band\u0103 de alimentare BLOOM SUPER BAND LB7071-4 verde<\/h4>\n<p>BLOOM Super Band LB7071 este un instrument multifunc\u021bional pentru antrenament at\u00e2t partea superioar\u0103, c\u00e2t \u0219i cea inferioar\u0103 a corpului, \u00eentindere \u0219i recuperare. Este fabricat din latex natural. Materialul este complet sigur, inodor \u0219i nu provoac\u0103 irita\u021bii ale pielii. Datorit\u0103 elasticit\u0103\u021bii materialului, banda are o rezisten\u021b\u0103 ridicat\u0103 la ie\u0219ire, se \u00eentinde bine \u0219i \u00ee\u0219i p\u0103streaz\u0103 propriet\u0103\u021bile chiar \u0219i dup\u0103 o utilizare intensiv\u0103 prelungit\u0103. Dimensiunea benzii de rezisten\u021b\u0103 \u00eei permite s\u0103 fie integrat\u0103 \u00een orice plan de antrenament, folosit\u0103 ca unealt\u0103 de sine st\u0103t\u0103toare sau cu alte greut\u0103\u021bi. C\u00e2nd este pliat\u0103, banda se potrive\u0219te cu u\u0219urin\u021b\u0103 \u00een orice geant\u0103 sau rucsac. Culoarea produsului indic\u0103 rigiditatea, nivelul de \u00eenc\u0103rcare este indicat la exterior.<\/p>\n<p>Tip Bucle de cauciuc<br \/>\nTip bucl\u0103 de cauciuc pentru tragere \u00een sus<br \/>\nSet complet 1 buc.<br \/>\nDimensiuni (Lxlxh) 2080x28x4.5mm<br \/>\nForma inelului<br \/>\nRigiditate X-Heavy<br \/>\nMaterial Latex<br \/>\nTara de origine: China<\/p>\n","protected":false},"excerpt":{"rendered":"<h3 class=\"product-intro__title\">Bucla de cauciuc pentru trageri \u0219i band\u0103 de antrenament putere BLOOM SUPER BAND LB7071-4 verde<\/h3>\n","protected":false},"featured_media":44275,"comment_status":"open","ping_status":"closed","template":"","meta":{"_et_pb_use_builder":"","_et_pb_old_content":"","_et_gb_content_width":""},"product_brand":[],"product_cat":[652,681,678,662,666],"product_tag":[830,831,932,938],"class_list":{"0":"post-44280","1":"product","2":"type-product","3":"status-publish","4":"has-post-thumbnail","6":"product_cat-atletism","7":"product_cat-fitness-si-yoga","8":"product_cat-formare","9":"product_cat-pentru-sala-de-sport","10":"product_cat-pierderea-in-greutate","11":"product_tag-a-face-exercitii-fizice","12":"product_tag-fitness","13":"product_tag-panglica","14":"product_tag-trage","16":"first","17":"instock","18":"shipping-taxable","19":"purchasable","20":"product-type-simple"},"aioseo_notices":[],"_links":{"self":[{"href":"https:\/\/amaldis.md\/ro\/wp-json\/wp\/v2\/product\/44280","targetHints":{"allow":["GET"]}}],"collection":[{"href":"https:\/\/amaldis.md\/ro\/wp-json\/wp\/v2\/product"}],"about":[{"href":"https:\/\/amaldis.md\/ro\/wp-json\/wp\/v2\/types\/product"}],"replies":[{"embeddable":true,"href":"https:\/\/amaldis.md\/ro\/wp-json\/wp\/v2\/comments?post=44280"}],"wp:featuredmedia":[{"embeddable":true,"href":"https:\/\/amaldis.md\/ro\/wp-json\/wp\/v2\/media\/44275"}],"wp:attachment":[{"href":"https:\/\/amaldis.md\/ro\/wp-json\/wp\/v2\/media?parent=44280"}],"wp:term":[{"taxonomy":"product_brand","embeddable":true,"href":"https:\/\/amaldis.md\/ro\/wp-json\/wp\/v2\/product_brand?post=44280"},{"taxonomy":"product_cat","embeddable":true,"href":"https:\/\/amaldis.md\/ro\/wp-json\/wp\/v2\/product_cat?post=44280"},{"taxonomy":"product_tag","embeddable":true,"href":"https:\/\/amaldis.md\/ro\/wp-json\/wp\/v2\/product_tag?post=44280"}],"curies":[{"name":"wp","href":"https:\/\/api.w.org\/{rel}","templated":true}]}}