{"id":44293,"date":"2025-03-07T11:47:08","date_gmt":"2025-03-07T08:47:08","guid":{"rendered":"https:\/\/amaldis.md\/product\/minge-de-masaj-pentru-mfr-fi-1728-o8cm\/"},"modified":"2025-03-07T11:47:08","modified_gmt":"2025-03-07T08:47:08","slug":"minge-de-masaj-pentru-mfr-fi-1728-o8cm","status":"publish","type":"product","link":"https:\/\/amaldis.md\/ro\/produs\/minge-de-masaj-pentru-mfr-fi-1728-o8cm\/","title":{"rendered":"Minge de masaj pentru MFR FI-1728 \u00f88cm"},"content":{"rendered":"<h4>Minge de masaj pentru MFR FI-1728 \u00f88cm<\/h4>\n<p>Descriere<br \/>\nMingea de masaj pentru MFR SP-Sport FI-1728 este un asistent compact, dar puternic, care iti va oferi un masaj profund si eficient fara a fi nevoie de ajutor din exterior. Datorit\u0103 formei \u0219i dimensiunilor sale, este ideal\u0103 pentru a lucra chiar \u0219i cei mai \u00eencorda\u021bi mu\u0219chi. Indiferent dac\u0103 este vorba despre spate, g\u00e2t sau picioare, mingea ajut\u0103 la ameliorarea oboselii, la \u00eembun\u0103t\u0103\u021birea circula\u021biei \u0219i la reducerea crampelor \u0219i o po\u021bi folosi cu u\u0219urin\u021b\u0103 oriunde: \u00een sal\u0103, acas\u0103 sau chiar la serviciu.  <\/p>\n<p>Caracteristica special\u0103 a acestei mingi este suprafa\u021ba sa texturat\u0103, care spore\u0219te efectul de masaj. Acest element de design permite mingii s\u0103 p\u0103trund\u0103 mai ad\u00e2nc \u00een \u021besut, \u00eenc\u0103lzind mu\u0219chii \u0219i activ\u00e2nd circula\u021bia s\u00e2ngelui. \u00cen plus, greutatea \u0219i dimensiunea sa compact\u0103 \u00ee\u021bi permit s\u0103-l por\u021bi cu tine \u00een geant\u0103 f\u0103r\u0103 a sim\u021bi povara suplimentar\u0103.  <\/p>\n<p>Pentru a folosi mingea, roti\u021bi-o pur \u0219i simplu peste zona dorit\u0103. Mingea te va ajuta s\u0103 lucrezi chiar \u0219i cu acele zone ale corpului care sunt mai greu de masat, cum ar fi spatele.\u0438\u043d\u0430. <\/p>\n<p>Tip Mingi de masaj<br \/>\nTip manual<br \/>\nDiametru 8 cm<br \/>\nForma mingii<br \/>\nMaterial: polipropilena spumata (EPP)<br \/>\nTara de origine: China<\/p>\n","protected":false},"excerpt":{"rendered":"<h3>Minge de masaj pentru MFR FI-1728 \u00f88cm<\/h3>\n","protected":false},"featured_media":44292,"comment_status":"open","ping_status":"closed","template":"","meta":{"_et_pb_use_builder":"","_et_pb_old_content":"","_et_gb_content_width":""},"product_brand":[],"product_cat":[664],"product_tag":[925,856,893],"class_list":{"0":"post-44293","1":"product","2":"type-product","3":"status-publish","4":"has-post-thumbnail","6":"product_cat-sanatate","7":"product_tag-masaj","8":"product_tag-minge","9":"product_tag-sanatate","11":"first","12":"instock","13":"shipping-taxable","14":"purchasable","15":"product-type-simple"},"aioseo_notices":[],"_links":{"self":[{"href":"https:\/\/amaldis.md\/ro\/wp-json\/wp\/v2\/product\/44293","targetHints":{"allow":["GET"]}}],"collection":[{"href":"https:\/\/amaldis.md\/ro\/wp-json\/wp\/v2\/product"}],"about":[{"href":"https:\/\/amaldis.md\/ro\/wp-json\/wp\/v2\/types\/product"}],"replies":[{"embeddable":true,"href":"https:\/\/amaldis.md\/ro\/wp-json\/wp\/v2\/comments?post=44293"}],"wp:featuredmedia":[{"embeddable":true,"href":"https:\/\/amaldis.md\/ro\/wp-json\/wp\/v2\/media\/44292"}],"wp:attachment":[{"href":"https:\/\/amaldis.md\/ro\/wp-json\/wp\/v2\/media?parent=44293"}],"wp:term":[{"taxonomy":"product_brand","embeddable":true,"href":"https:\/\/amaldis.md\/ro\/wp-json\/wp\/v2\/product_brand?post=44293"},{"taxonomy":"product_cat","embeddable":true,"href":"https:\/\/amaldis.md\/ro\/wp-json\/wp\/v2\/product_cat?post=44293"},{"taxonomy":"product_tag","embeddable":true,"href":"https:\/\/amaldis.md\/ro\/wp-json\/wp\/v2\/product_tag?post=44293"}],"curies":[{"name":"wp","href":"https:\/\/api.w.org\/{rel}","templated":true}]}}