{"id":44301,"date":"2025-03-07T11:56:31","date_gmt":"2025-03-07T08:56:31","guid":{"rendered":"https:\/\/amaldis.md\/product\/minge-dubla-de-masaj-pentru-mfr\/"},"modified":"2025-03-07T11:56:31","modified_gmt":"2025-03-07T08:56:31","slug":"minge-dubla-de-masaj-pentru-mfr","status":"publish","type":"product","link":"https:\/\/amaldis.md\/ro\/produs\/minge-dubla-de-masaj-pentru-mfr\/","title":{"rendered":"Minge dubla de masaj pentru MFR"},"content":{"rendered":"<h4>Minge dubla de masaj pentru MFR<\/h4>\n<p>Descriere<br \/>\nMingea dubla de masaj este conceputa pentru cei care doresc sa se recupereze eficient in urma efortului fizic si sa mentina sanatatea musculara. Forma sa special\u0103 cu o ad\u00e2ncitur\u0103 natural\u0103 permite masajul profund al zonelor situate de-a lungul coloanei vertebrale f\u0103r\u0103 a afecta oasele \u0219i articula\u021biile. Acest lucru face ca masajul s\u0103 fie confortabil \u0219i sigur, iar efectul s\u0103 fie mai pronun\u021bat.  <\/p>\n<p>Duoball SP-Sport FI-1729 este intuitiv de utilizat. Pentru a lucra pe spate, a\u0219eza\u021bi-l pe podea \u0219i mi\u0219ca\u021bi \u00eencet de-a lungul coloanei vertebrale, control\u00e2nd for\u021ba de presiune. Pentru a relaxa mu\u0219chii g\u00e2tului, mingea este plasat\u0103 sub spatele capului \u0219i se efectueaz\u0103 mi\u0219c\u0103ri fine de rulare. Pentru a v\u0103 masa bra\u021bele \u0219i picioarele, a\u0219eza\u021bi-l pur \u0219i simplu pe un suport sau pe o suprafa\u021b\u0103 tare \u0219i apoi face\u021bi mi\u0219c\u0103ri lente \u00eenainte \u0219i \u00eenapoi, amelior\u00e2nd tensiunea \u0219i \u00eembun\u0103t\u0103\u021bind circula\u021bia s\u00e2ngelui.   <\/p>\n<p>Compactitatea \u0219i u\u0219urin\u021ba mingii de masaj o fac convenabil\u0103 pentru depozitare \u0219i transport. Poate fi folosit acas\u0103, \u00een sal\u0103 sau chiar luat cu tine \u00een excursii. Materialul produsului este polipropilen\u0103 expandat\u0103 (EPP), cunoscut\u0103 pentru rezisten\u021ba sa, rezisten\u021ba la deformare \u0219i propriet\u0103\u021bile hipoalergenice. Diametrul aparatului de masaj este de 5 cm, ceea ce \u00eel face convenabil pentru impactul punctual asupra mu\u0219chilor   <\/p>\n<p>Tip Mingi de masaj<br \/>\nTip manual<br \/>\nDiametru 5 cm<br \/>\nScop: amelioreaz\u0103 durerea, \u00eembun\u0103t\u0103\u021be\u0219te circula\u021bia s\u00e2ngelui, reduce tensiunea muscular\u0103<br \/>\nMaterial: polipropilena spumata (EPP)<br \/>\nTara de origine: China<\/p>\n","protected":false},"excerpt":{"rendered":"<h1 class=\"product-intro__title\">Minge dubla de masaj pentru MFR si automasaj Duoball FI-1729 \u00f85cm<\/h1>\n","protected":false},"featured_media":44300,"comment_status":"open","ping_status":"closed","template":"","meta":{"_et_pb_use_builder":"","_et_pb_old_content":"","_et_gb_content_width":""},"product_brand":[],"product_cat":[664],"product_tag":[925,856,893],"class_list":{"0":"post-44301","1":"product","2":"type-product","3":"status-publish","4":"has-post-thumbnail","6":"product_cat-sanatate","7":"product_tag-masaj","8":"product_tag-minge","9":"product_tag-sanatate","11":"first","12":"instock","13":"shipping-taxable","14":"purchasable","15":"product-type-simple"},"aioseo_notices":[],"_links":{"self":[{"href":"https:\/\/amaldis.md\/ro\/wp-json\/wp\/v2\/product\/44301","targetHints":{"allow":["GET"]}}],"collection":[{"href":"https:\/\/amaldis.md\/ro\/wp-json\/wp\/v2\/product"}],"about":[{"href":"https:\/\/amaldis.md\/ro\/wp-json\/wp\/v2\/types\/product"}],"replies":[{"embeddable":true,"href":"https:\/\/amaldis.md\/ro\/wp-json\/wp\/v2\/comments?post=44301"}],"wp:featuredmedia":[{"embeddable":true,"href":"https:\/\/amaldis.md\/ro\/wp-json\/wp\/v2\/media\/44300"}],"wp:attachment":[{"href":"https:\/\/amaldis.md\/ro\/wp-json\/wp\/v2\/media?parent=44301"}],"wp:term":[{"taxonomy":"product_brand","embeddable":true,"href":"https:\/\/amaldis.md\/ro\/wp-json\/wp\/v2\/product_brand?post=44301"},{"taxonomy":"product_cat","embeddable":true,"href":"https:\/\/amaldis.md\/ro\/wp-json\/wp\/v2\/product_cat?post=44301"},{"taxonomy":"product_tag","embeddable":true,"href":"https:\/\/amaldis.md\/ro\/wp-json\/wp\/v2\/product_tag?post=44301"}],"curies":[{"name":"wp","href":"https:\/\/api.w.org\/{rel}","templated":true}]}}