{"id":44317,"date":"2025-03-07T12:33:14","date_gmt":"2025-03-07T09:33:14","guid":{"rendered":"https:\/\/amaldis.md\/product\/minge-de-masaj-pentru-fitness-si-yoga-ba-3402\/"},"modified":"2025-03-07T12:33:14","modified_gmt":"2025-03-07T09:33:14","slug":"minge-de-masaj-pentru-fitness-si-yoga-ba-3402","status":"publish","type":"product","link":"https:\/\/amaldis.md\/ro\/produs\/minge-de-masaj-pentru-fitness-si-yoga-ba-3402\/","title":{"rendered":"Minge de masaj pentru fitness \u0219i yoga BA-3402"},"content":{"rendered":"<h4>Minge de masaj pentru fitness \u0219i yoga BA-3402<\/h4>\n<p>Descriere<br \/>\nBila BA-3402 cu diametrul de 23 cm este un instrument de masaj convenabil \u0219i eficient. Caracteristica sa special\u0103 este suprafa\u021ba ca un ac, care acoper\u0103 uniform \u00eentreaga sfer\u0103, cre\u00e2nd un efect de masaj u\u0219or, dar intens.. Picurile rotunjite maseaz\u0103 pielea, stimuleaz\u0103 circula\u021bia s\u00e2ngelui \u0219i activeaz\u0103 termina\u021biile nervoase, ceea ce ajut\u0103 la \u00eembun\u0103t\u0103\u021birea st\u0103rii generale a corpului. Aceste v\u00e2rfuri sunt convexe, permi\u021b\u00e2nd o penetrare mai profund\u0103, f\u0103r\u0103 riscul de a deteriora pielea.<\/p>\n<p>Fabricat\u0103 din cauciuc hipoalergenic \u0219i ecologic, mingea nu provoac\u0103 irita\u021bii \u0219i este u\u0219or de \u00eengrijit. Structura sa elastic\u0103 \u0219i dens\u0103 garanteaz\u0103 durabilitatea, asigur\u00e2nd utilizarea pe termen lung f\u0103r\u0103 a-\u0219i pierde forma \u0219i func\u021bionalitatea.<\/p>\n<p>Pentru a ob\u021bine un efect maxim de masaj, pute\u021bi folosi mingea pentru a lucra pe diferite zone ale corpului &#8211; picioare, coapse, fese, umeri, g\u00e2t \u0219i abdomen. Se recomand\u0103 efectuarea de mi\u0219c\u0103ri circulare sau deplasarea mingii de-a lungul sau peste \u021besutul muscular.<\/p>\n<p>Tip Mingi de masaj<br \/>\nTip manual<br \/>\nDiametru 23 cm<br \/>\nForma mingii<br \/>\nMaterial cauciuc (RB)<br \/>\nTara de origine: China<\/p>\n","protected":false},"excerpt":{"rendered":"<h3 class=\"product-intro__title\">Minge de masaj pentru fitness \u0219i yoga BA-3402 \u00f823cm<\/h3>\n","protected":false},"featured_media":44316,"comment_status":"open","ping_status":"closed","template":"","meta":{"_et_pb_use_builder":"","_et_pb_old_content":"","_et_gb_content_width":""},"product_brand":[],"product_cat":[681,664],"product_tag":[937,856,893],"class_list":{"0":"post-44317","1":"product","2":"type-product","3":"status-publish","4":"has-post-thumbnail","6":"product_cat-fitness-si-yoga","7":"product_cat-sanatate","8":"product_tag-masaj-ro","9":"product_tag-minge","10":"product_tag-sanatate","12":"first","13":"instock","14":"shipping-taxable","15":"purchasable","16":"product-type-simple"},"aioseo_notices":[],"_links":{"self":[{"href":"https:\/\/amaldis.md\/ro\/wp-json\/wp\/v2\/product\/44317","targetHints":{"allow":["GET"]}}],"collection":[{"href":"https:\/\/amaldis.md\/ro\/wp-json\/wp\/v2\/product"}],"about":[{"href":"https:\/\/amaldis.md\/ro\/wp-json\/wp\/v2\/types\/product"}],"replies":[{"embeddable":true,"href":"https:\/\/amaldis.md\/ro\/wp-json\/wp\/v2\/comments?post=44317"}],"wp:featuredmedia":[{"embeddable":true,"href":"https:\/\/amaldis.md\/ro\/wp-json\/wp\/v2\/media\/44316"}],"wp:attachment":[{"href":"https:\/\/amaldis.md\/ro\/wp-json\/wp\/v2\/media?parent=44317"}],"wp:term":[{"taxonomy":"product_brand","embeddable":true,"href":"https:\/\/amaldis.md\/ro\/wp-json\/wp\/v2\/product_brand?post=44317"},{"taxonomy":"product_cat","embeddable":true,"href":"https:\/\/amaldis.md\/ro\/wp-json\/wp\/v2\/product_cat?post=44317"},{"taxonomy":"product_tag","embeddable":true,"href":"https:\/\/amaldis.md\/ro\/wp-json\/wp\/v2\/product_tag?post=44317"}],"curies":[{"name":"wp","href":"https:\/\/api.w.org\/{rel}","templated":true}]}}