{"id":44341,"date":"2025-03-16T14:11:55","date_gmt":"2025-03-16T11:11:55","guid":{"rendered":"https:\/\/amaldis.md\/product\/minge-de-fotbal-pe-franghie-pentru-tehnica-antrenament-legenda-fb-3281-nr-5\/"},"modified":"2025-03-16T14:11:55","modified_gmt":"2025-03-16T11:11:55","slug":"minge-de-fotbal-pe-franghie-pentru-tehnica-antrenament-legenda-fb-3281-nr-5","status":"publish","type":"product","link":"https:\/\/amaldis.md\/ro\/produs\/minge-de-fotbal-pe-franghie-pentru-tehnica-antrenament-legenda-fb-3281-nr-5\/","title":{"rendered":"Minge de fotbal pe fr\u00e2nghie pentru Tehnica Antrenament Legenda FB-3281 Nr. 5"},"content":{"rendered":"<h4 class=\"product-intro__title\">Minge de fotbal pe fr\u00e2nghie pentru Tehnica Antrenament Legenda FB-3281 Nr. 5<\/h4>\n<p>Mingea de antrenament este conceput\u0103 pentru ca tinerii sportivi s\u0103-\u0219i exerseze loviturile. Produsul este fabricat in marimea #5 si circumferinta sa nu depaseste 70 cm Mingea poate fi asigurata astfel incat sa nu zboare mai departe de lungimea fr\u00e2nghiei dupa impact. <\/p>\n<p>Antrenorul sportiv v\u0103 permite s\u0103 exersa\u021bi tehnica lovirii cu diferite p\u0103r\u021bi ale piciorului. Dup\u0103 fiecare cadou nu va trebui s\u0103 alergi dup\u0103 minge. Tinerii sportivi \u00eel pot folosi pentru a dezvolta coordonarea mi\u0219c\u0103rilor.  <\/p>\n<p>Mingea este din poliuretan \u0219i nu se teme de umezeal\u0103. Cus\u0103turile la ma\u0219in\u0103 sunt durabile \u0219i nu vor permite panourilor cu bile s\u0103 se desprind\u0103. <\/p>\n<p>Tip Mingi de fotbal<br \/>\nM\u0103rimea #5<br \/>\nTip conexiune panou Cus\u0103tur\u0103 automat\u0103<br \/>\nMaterial Poliuretan (PU)<br \/>\nTara de origine: China<\/p>\n","protected":false},"excerpt":{"rendered":"<h3 class=\"product-intro__title\">Minge de fotbal pe fr\u00e2nghie pentru Tehnica Antrenament Legend\u0103 FB-3281 Nr. 5 Alb-Albastru<\/h3>\n","protected":false},"featured_media":44340,"comment_status":"open","ping_status":"closed","template":"","meta":{"_et_pb_use_builder":"","_et_pb_old_content":"","_et_gb_content_width":""},"product_brand":[],"product_cat":[682],"product_tag":[915,857,856],"class_list":{"0":"post-44341","1":"product","2":"type-product","3":"status-publish","4":"has-post-thumbnail","6":"product_cat-fotbal","7":"product_tag-aparat-de-antrenament","8":"product_tag-fotbal","9":"product_tag-minge","11":"first","12":"instock","13":"shipping-taxable","14":"purchasable","15":"product-type-simple"},"aioseo_notices":[],"_links":{"self":[{"href":"https:\/\/amaldis.md\/ro\/wp-json\/wp\/v2\/product\/44341","targetHints":{"allow":["GET"]}}],"collection":[{"href":"https:\/\/amaldis.md\/ro\/wp-json\/wp\/v2\/product"}],"about":[{"href":"https:\/\/amaldis.md\/ro\/wp-json\/wp\/v2\/types\/product"}],"replies":[{"embeddable":true,"href":"https:\/\/amaldis.md\/ro\/wp-json\/wp\/v2\/comments?post=44341"}],"wp:featuredmedia":[{"embeddable":true,"href":"https:\/\/amaldis.md\/ro\/wp-json\/wp\/v2\/media\/44340"}],"wp:attachment":[{"href":"https:\/\/amaldis.md\/ro\/wp-json\/wp\/v2\/media?parent=44341"}],"wp:term":[{"taxonomy":"product_brand","embeddable":true,"href":"https:\/\/amaldis.md\/ro\/wp-json\/wp\/v2\/product_brand?post=44341"},{"taxonomy":"product_cat","embeddable":true,"href":"https:\/\/amaldis.md\/ro\/wp-json\/wp\/v2\/product_cat?post=44341"},{"taxonomy":"product_tag","embeddable":true,"href":"https:\/\/amaldis.md\/ro\/wp-json\/wp\/v2\/product_tag?post=44341"}],"curies":[{"name":"wp","href":"https:\/\/api.w.org\/{rel}","templated":true}]}}