{"id":44347,"date":"2025-03-16T14:51:49","date_gmt":"2025-03-16T11:51:49","guid":{"rendered":"https:\/\/amaldis.md\/product\/minge-de-fotbal-joma-challenge-iii\/"},"modified":"2025-03-16T14:51:49","modified_gmt":"2025-03-16T11:51:49","slug":"minge-de-fotbal-joma-challenge-iii","status":"publish","type":"product","link":"https:\/\/amaldis.md\/ro\/produs\/minge-de-fotbal-joma-challenge-iii\/","title":{"rendered":"Minge de fotbal Joma CHALLENGE III"},"content":{"rendered":"<h4 class=\"LC20lb MBeuO DKV0Md\">Minge de fotbal Joma CHALLENGE III<\/h4>\n<p>Acest model se caracterizeaz\u0103 prin manopera de \u00eenalt\u0103 calitate \u0219i utilizarea unor materiale foarte rezistente. Datorit\u0103 acestui lucru, mingea va rezista mult timp chiar \u0219i cu o utilizare foarte frecvent\u0103 \u0219i intensiv\u0103. <\/p>\n<p>M\u0103rimea #5<br \/>\nTip Fotbal<br \/>\nCuloare Alb-Turcoaz<br \/>\nMaterial Poliuretan<br \/>\n\u021aara de \u00eenregistrare a m\u0103rcii: Spania<\/p>\n","protected":false},"excerpt":{"rendered":"<h3 class=\"LC20lb MBeuO DKV0Md\">Minge de fotbal Joma CHALLENGE III &#8211; 401484.207<\/h3>\n","protected":false},"featured_media":44344,"comment_status":"open","ping_status":"closed","template":"","meta":{"_et_pb_use_builder":"","_et_pb_old_content":"","_et_gb_content_width":""},"product_brand":[],"product_cat":[682],"product_tag":[857,856],"class_list":{"0":"post-44347","1":"product","2":"type-product","3":"status-publish","4":"has-post-thumbnail","6":"product_cat-fotbal","7":"product_tag-fotbal","8":"product_tag-minge","10":"first","11":"instock","12":"shipping-taxable","13":"purchasable","14":"product-type-simple"},"aioseo_notices":[],"_links":{"self":[{"href":"https:\/\/amaldis.md\/ro\/wp-json\/wp\/v2\/product\/44347","targetHints":{"allow":["GET"]}}],"collection":[{"href":"https:\/\/amaldis.md\/ro\/wp-json\/wp\/v2\/product"}],"about":[{"href":"https:\/\/amaldis.md\/ro\/wp-json\/wp\/v2\/types\/product"}],"replies":[{"embeddable":true,"href":"https:\/\/amaldis.md\/ro\/wp-json\/wp\/v2\/comments?post=44347"}],"wp:featuredmedia":[{"embeddable":true,"href":"https:\/\/amaldis.md\/ro\/wp-json\/wp\/v2\/media\/44344"}],"wp:attachment":[{"href":"https:\/\/amaldis.md\/ro\/wp-json\/wp\/v2\/media?parent=44347"}],"wp:term":[{"taxonomy":"product_brand","embeddable":true,"href":"https:\/\/amaldis.md\/ro\/wp-json\/wp\/v2\/product_brand?post=44347"},{"taxonomy":"product_cat","embeddable":true,"href":"https:\/\/amaldis.md\/ro\/wp-json\/wp\/v2\/product_cat?post=44347"},{"taxonomy":"product_tag","embeddable":true,"href":"https:\/\/amaldis.md\/ro\/wp-json\/wp\/v2\/product_tag?post=44347"}],"curies":[{"name":"wp","href":"https:\/\/api.w.org\/{rel}","templated":true}]}}