{"id":44410,"date":"2025-09-19T11:56:41","date_gmt":"2025-09-19T08:56:41","guid":{"rendered":"https:\/\/amaldis.md\/product\/kimono-judo-matsa-ma-0015\/"},"modified":"2025-09-19T12:02:34","modified_gmt":"2025-09-19T09:02:34","slug":"kimono-judo-matsa-ma-0015","status":"publish","type":"product","link":"https:\/\/amaldis.md\/ro\/produs\/kimono-judo-matsa-ma-0015\/","title":{"rendered":"Kimono Judo MATSA MA-0015"},"content":{"rendered":"<h4 class=\"product-intro__title\">Kimono Judo MATSA MA-0015<\/h4>\n<p>Tipul de kimono<br \/>\nEchipament: Jachet\u0103 \/ Pantaloni \/ Curea<br \/>\nJudo sportiv, Jiu-jitsu<br \/>\nCus\u0103turi Cus\u0103turi \u00eent\u0103rite<br \/>\nSex: Feminin, Masculin<br \/>\nGrupa de varsta Pentru adulti, Pentru copii<br \/>\nScop: Pentru antrenamente \u0219i competi\u021bii<br \/>\nDensitatea materialului: 450 g\/m2<br \/>\nMaterial Bumbac\/poliester<br \/>\nCompozi\u021bia materialului: Bumbac 55%<br \/>\nPoliester 45%<br \/>\n\u021aara de origine: Pakistan<\/p>\n<h5>Verifica\u021bi disponibilitatea cu v\u00e2nz\u0103torul!!!<\/h5>\n","protected":false},"excerpt":{"rendered":"<h3 class=\"product-intro__title\">Chimono judo MATSA MA-0015 120-190cm albastru<\/h3>\n","protected":false},"featured_media":44409,"comment_status":"open","ping_status":"closed","template":"","meta":{"_et_pb_use_builder":"","_et_pb_old_content":"","_et_gb_content_width":""},"product_brand":[],"product_cat":[663],"product_tag":[842,876,1239],"class_list":{"0":"post-44410","1":"product","2":"type-product","3":"status-publish","4":"has-post-thumbnail","6":"product_cat-arte-martiale","7":"product_tag-arte-martiale","8":"product_tag-chimono","9":"product_tag-judo","11":"first","12":"instock","13":"shipping-taxable","14":"purchasable","15":"product-type-simple"},"aioseo_notices":[],"_links":{"self":[{"href":"https:\/\/amaldis.md\/ro\/wp-json\/wp\/v2\/product\/44410","targetHints":{"allow":["GET"]}}],"collection":[{"href":"https:\/\/amaldis.md\/ro\/wp-json\/wp\/v2\/product"}],"about":[{"href":"https:\/\/amaldis.md\/ro\/wp-json\/wp\/v2\/types\/product"}],"replies":[{"embeddable":true,"href":"https:\/\/amaldis.md\/ro\/wp-json\/wp\/v2\/comments?post=44410"}],"wp:featuredmedia":[{"embeddable":true,"href":"https:\/\/amaldis.md\/ro\/wp-json\/wp\/v2\/media\/44409"}],"wp:attachment":[{"href":"https:\/\/amaldis.md\/ro\/wp-json\/wp\/v2\/media?parent=44410"}],"wp:term":[{"taxonomy":"product_brand","embeddable":true,"href":"https:\/\/amaldis.md\/ro\/wp-json\/wp\/v2\/product_brand?post=44410"},{"taxonomy":"product_cat","embeddable":true,"href":"https:\/\/amaldis.md\/ro\/wp-json\/wp\/v2\/product_cat?post=44410"},{"taxonomy":"product_tag","embeddable":true,"href":"https:\/\/amaldis.md\/ro\/wp-json\/wp\/v2\/product_tag?post=44410"}],"curies":[{"name":"wp","href":"https:\/\/api.w.org\/{rel}","templated":true}]}}