{"id":44444,"date":"2025-09-19T12:26:28","date_gmt":"2025-09-19T09:26:28","guid":{"rendered":"https:\/\/amaldis.md\/product\/jacheta-kimono-sambo-pantaloni-scurti-curea-fistrage-vl-5579\/"},"modified":"2025-09-19T12:32:46","modified_gmt":"2025-09-19T09:32:46","slug":"jacheta-kimono-sambo-pantaloni-scurti-curea-fistrage-vl-5579","status":"publish","type":"product","link":"https:\/\/amaldis.md\/ro\/produs\/jacheta-kimono-sambo-pantaloni-scurti-curea-fistrage-vl-5579\/","title":{"rendered":"Jachet\u0103 kimono Sambo pantaloni scur\u021bi curea FISTRAGE VL-5579"},"content":{"rendered":"<h4 class=\"product-intro__title\">Jachet\u0103 kimono Sambo pantaloni scur\u021bi curea FISTRAGE VL-5579<\/h4>\n<p>Tipul de kimono<br \/>\nTip: Antrenament<br \/>\nEchipament: Jachet\u0103 \/ Pantaloni scur\u021bi \/ Curea<br \/>\nSportul Sambo<br \/>\nTehnologii Rezisten\u021b\u0103 sporit\u0103 la uzur\u0103<br \/>\nMaterial dens hipoalergenic<br \/>\nMaterial respirabil<br \/>\nLibertatea de mi\u0219care<br \/>\nCus\u0103turi Cus\u0103turi \u00eent\u0103rite<br \/>\nSex: Feminin, Masculin<br \/>\nGrupa de varsta Pentru adulti, Pentru copii<br \/>\nScop: Conceput pentru antrenamente \u0219i competi\u021bii \u00een sambo sportiv, ofer\u0103 confort, siguran\u021b\u0103 \u0219i respectarea regulilor de lupt\u0103.<br \/>\nDensitatea materialului: 500 g\/m2<br \/>\nMaterial: Bumbac<br \/>\nCompozi\u021bia materialului: 100% bumbac<br \/>\n\u021aara de origine: Pakistan<\/p>\n<h5>Verifica\u021bi disponibilitatea cu v\u00e2nz\u0103torul!!!<\/h5>\n","protected":false},"excerpt":{"rendered":"<h3 class=\"product-intro__title\">Jachet\u0103 kimono Sambo cu pantaloni scur\u021bi \u0219i curea FISTRAGE VL-5579 130-180cm culori: ro\u0219u \u0219i albastru<\/h3>\n","protected":false},"featured_media":44443,"comment_status":"open","ping_status":"closed","template":"","meta":{"_et_pb_use_builder":"","_et_pb_old_content":"","_et_gb_content_width":""},"product_brand":[],"product_cat":[663],"product_tag":[842,876,1083],"class_list":{"0":"post-44444","1":"product","2":"type-product","3":"status-publish","4":"has-post-thumbnail","6":"product_cat-arte-martiale","7":"product_tag-arte-martiale","8":"product_tag-chimono","9":"product_tag-sambo-ro","11":"first","12":"instock","13":"shipping-taxable","14":"purchasable","15":"product-type-simple"},"aioseo_notices":[],"_links":{"self":[{"href":"https:\/\/amaldis.md\/ro\/wp-json\/wp\/v2\/product\/44444","targetHints":{"allow":["GET"]}}],"collection":[{"href":"https:\/\/amaldis.md\/ro\/wp-json\/wp\/v2\/product"}],"about":[{"href":"https:\/\/amaldis.md\/ro\/wp-json\/wp\/v2\/types\/product"}],"replies":[{"embeddable":true,"href":"https:\/\/amaldis.md\/ro\/wp-json\/wp\/v2\/comments?post=44444"}],"wp:featuredmedia":[{"embeddable":true,"href":"https:\/\/amaldis.md\/ro\/wp-json\/wp\/v2\/media\/44443"}],"wp:attachment":[{"href":"https:\/\/amaldis.md\/ro\/wp-json\/wp\/v2\/media?parent=44444"}],"wp:term":[{"taxonomy":"product_brand","embeddable":true,"href":"https:\/\/amaldis.md\/ro\/wp-json\/wp\/v2\/product_brand?post=44444"},{"taxonomy":"product_cat","embeddable":true,"href":"https:\/\/amaldis.md\/ro\/wp-json\/wp\/v2\/product_cat?post=44444"},{"taxonomy":"product_tag","embeddable":true,"href":"https:\/\/amaldis.md\/ro\/wp-json\/wp\/v2\/product_tag?post=44444"}],"curies":[{"name":"wp","href":"https:\/\/api.w.org\/{rel}","templated":true}]}}