{"id":44462,"date":"2025-09-19T12:41:35","date_gmt":"2025-09-19T09:41:35","guid":{"rendered":"https:\/\/amaldis.md\/product\/jacheta-kimono-sambo-cu-pantaloni-scurti-si-curea-hard-touch-co-4676\/"},"modified":"2025-09-19T12:44:03","modified_gmt":"2025-09-19T09:44:03","slug":"jacheta-kimono-sambo-cu-pantaloni-scurti-si-curea-hard-touch-co-4676","status":"publish","type":"product","link":"https:\/\/amaldis.md\/ro\/produs\/jacheta-kimono-sambo-cu-pantaloni-scurti-si-curea-hard-touch-co-4676\/","title":{"rendered":"Jachet\u0103 kimono Sambo cu pantaloni scur\u021bi \u0219i curea HARD TOUCH CO-4676"},"content":{"rendered":"<h4 class=\"product-intro__title\">Jachet\u0103 kimono Sambo cu pantaloni scur\u021bi \u0219i curea HARD TOUCH CO-4676<\/h4>\n<p>Tipul de kimono<br \/>\nTip: Antrenament<br \/>\nEchipament: Jachet\u0103 \/ Pantaloni scur\u021bi \/ Curea<br \/>\nSportul Sambo<br \/>\nTehnologii Rezisten\u021b\u0103 sporit\u0103 la uzur\u0103<br \/>\nMaterial dens hipoalergenic<br \/>\nMaterial respirabil<br \/>\nLibertatea de mi\u0219care<br \/>\nCus\u0103turi Cus\u0103turi \u00eent\u0103rite<br \/>\nSex: Feminin, Masculin<br \/>\nGrupa de varsta Pentru adulti, Pentru copii<br \/>\nScop: Conceput pentru antrenamente \u0219i competi\u021bii \u00een sambo sportiv, ofer\u0103 confort, siguran\u021b\u0103 \u0219i respectarea regulilor de lupt\u0103.<br \/>\nDensitatea materialului: 500 g\/m2<br \/>\nMaterial: Bumbac<br \/>\n\u021aara de origine: Pakistan<\/p>\n<h5>Verifica\u021bi disponibilitatea cu v\u00e2nz\u0103torul!!!<\/h5>\n<p>&nbsp;<\/p>\n","protected":false},"excerpt":{"rendered":"<h3 class=\"product-intro__title\">Jachet\u0103 kimono Sambo, pantaloni scur\u021bi, curea, HARD TOUCH CO-4676, \u00een\u0103l\u021bime 130-180 cm, culori: albastru \u0219i ro\u0219u<\/h3>\n","protected":false},"featured_media":44459,"comment_status":"open","ping_status":"closed","template":"","meta":{"_et_pb_use_builder":"","_et_pb_old_content":"","_et_gb_content_width":""},"product_brand":[],"product_cat":[663],"product_tag":[842,876,1083],"class_list":{"0":"post-44462","1":"product","2":"type-product","3":"status-publish","4":"has-post-thumbnail","6":"product_cat-arte-martiale","7":"product_tag-arte-martiale","8":"product_tag-chimono","9":"product_tag-sambo-ro","11":"first","12":"instock","13":"shipping-taxable","14":"purchasable","15":"product-type-simple"},"aioseo_notices":[],"_links":{"self":[{"href":"https:\/\/amaldis.md\/ro\/wp-json\/wp\/v2\/product\/44462","targetHints":{"allow":["GET"]}}],"collection":[{"href":"https:\/\/amaldis.md\/ro\/wp-json\/wp\/v2\/product"}],"about":[{"href":"https:\/\/amaldis.md\/ro\/wp-json\/wp\/v2\/types\/product"}],"replies":[{"embeddable":true,"href":"https:\/\/amaldis.md\/ro\/wp-json\/wp\/v2\/comments?post=44462"}],"wp:featuredmedia":[{"embeddable":true,"href":"https:\/\/amaldis.md\/ro\/wp-json\/wp\/v2\/media\/44459"}],"wp:attachment":[{"href":"https:\/\/amaldis.md\/ro\/wp-json\/wp\/v2\/media?parent=44462"}],"wp:term":[{"taxonomy":"product_brand","embeddable":true,"href":"https:\/\/amaldis.md\/ro\/wp-json\/wp\/v2\/product_brand?post=44462"},{"taxonomy":"product_cat","embeddable":true,"href":"https:\/\/amaldis.md\/ro\/wp-json\/wp\/v2\/product_cat?post=44462"},{"taxonomy":"product_tag","embeddable":true,"href":"https:\/\/amaldis.md\/ro\/wp-json\/wp\/v2\/product_tag?post=44462"}],"curies":[{"name":"wp","href":"https:\/\/api.w.org\/{rel}","templated":true}]}}