{"id":44507,"date":"2025-09-19T14:38:08","date_gmt":"2025-09-19T11:38:08","guid":{"rendered":"https:\/\/amaldis.md\/product\/sosete-de-fotbal-fara-garnituri-pentru-sosete-fb-2956\/"},"modified":"2025-09-19T14:38:08","modified_gmt":"2025-09-19T11:38:08","slug":"sosete-de-fotbal-fara-garnituri-pentru-sosete-fb-2956","status":"publish","type":"product","link":"https:\/\/amaldis.md\/ro\/produs\/sosete-de-fotbal-fara-garnituri-pentru-sosete-fb-2956\/","title":{"rendered":"\u0218osete de fotbal f\u0103r\u0103 garnituri pentru \u0219osete FB-2956"},"content":{"rendered":"<h4>\u0218osete de fotbal f\u0103r\u0103 garnituri pentru \u0219osete FB-2956<\/h4>\n<p>Tip de colan\u021bi<br \/>\nCompresie Efect de compresie<br \/>\nSporturi: Fotbal, Futsal, Handbal, Floorball, Rugby, Fotbal american<br \/>\nModel f\u0103r\u0103 \u0219oset\u0103<br \/>\nSex: Feminin, Masculin<br \/>\nGrupa de varsta Pentru copii<br \/>\nSezon: Prim\u0103var\u0103, Toamn\u0103, Var\u0103<br \/>\nScop: Protec\u021bia \u0219i fixarea gleznei \u00een timpul sportului<br \/>\nMaterial Terilen\u0103\/Spandex<\/p>\n","protected":false},"excerpt":{"rendered":"<h3>\u0218osete de fotbal f\u0103r\u0103 \u0219osete, cu talie mic\u0103, FB-2956, m\u0103rimea 35-46, culoare: verde deschis<\/h3>\n","protected":false},"featured_media":44504,"comment_status":"open","ping_status":"closed","template":"","meta":{"_et_pb_use_builder":"","_et_pb_old_content":"","_et_gb_content_width":""},"product_brand":[],"product_cat":[682],"product_tag":[857,865],"class_list":{"0":"post-44507","1":"product","2":"type-product","3":"status-publish","4":"has-post-thumbnail","6":"product_cat-fotbal","7":"product_tag-fotbal","8":"product_tag-ghetre","10":"first","11":"instock","12":"shipping-taxable","13":"purchasable","14":"product-type-simple"},"aioseo_notices":[],"_links":{"self":[{"href":"https:\/\/amaldis.md\/ro\/wp-json\/wp\/v2\/product\/44507","targetHints":{"allow":["GET"]}}],"collection":[{"href":"https:\/\/amaldis.md\/ro\/wp-json\/wp\/v2\/product"}],"about":[{"href":"https:\/\/amaldis.md\/ro\/wp-json\/wp\/v2\/types\/product"}],"replies":[{"embeddable":true,"href":"https:\/\/amaldis.md\/ro\/wp-json\/wp\/v2\/comments?post=44507"}],"wp:featuredmedia":[{"embeddable":true,"href":"https:\/\/amaldis.md\/ro\/wp-json\/wp\/v2\/media\/44504"}],"wp:attachment":[{"href":"https:\/\/amaldis.md\/ro\/wp-json\/wp\/v2\/media?parent=44507"}],"wp:term":[{"taxonomy":"product_brand","embeddable":true,"href":"https:\/\/amaldis.md\/ro\/wp-json\/wp\/v2\/product_brand?post=44507"},{"taxonomy":"product_cat","embeddable":true,"href":"https:\/\/amaldis.md\/ro\/wp-json\/wp\/v2\/product_cat?post=44507"},{"taxonomy":"product_tag","embeddable":true,"href":"https:\/\/amaldis.md\/ro\/wp-json\/wp\/v2\/product_tag?post=44507"}],"curies":[{"name":"wp","href":"https:\/\/api.w.org\/{rel}","templated":true}]}}