{"id":44589,"date":"2025-11-17T15:23:15","date_gmt":"2025-11-17T12:23:15","guid":{"rendered":"https:\/\/amaldis.md\/product\/rucsac-geanta-ga-2941-41x36x14cm\/"},"modified":"2025-11-17T15:23:15","modified_gmt":"2025-11-17T12:23:15","slug":"rucsac-geanta-ga-2941-41x36x14cm","status":"publish","type":"product","link":"https:\/\/amaldis.md\/ro\/produs\/rucsac-geanta-ga-2941-41x36x14cm\/","title":{"rendered":"Rucsac-geant\u0103 GA-2941 41x36x14cm"},"content":{"rendered":"<h4>Rucsac-geant\u0103 GA-2941 41x36x14cm<\/h4>\n<p>Tip: Gen\u021bi<br \/>\nRezisten\u021b\u0103 la ap\u0103 Material u\u0219or, hidrofug<br \/>\nCamuflaj exterior Dou\u0103 buzunare deschise<br \/>\nCamuflaj exterior Dou\u0103 buzunare deschise<br \/>\nDimensiuni (LxAx\u00ce): L\u0103\u021bime: 36 cm, Ad\u00e2ncime: 14 cm, \u00cen\u0103l\u021bime: 41 cm<br \/>\nVolumul produsului: 20L<br \/>\nSex: Feminin, Masculin<br \/>\nMaterial Nylon<\/p>\n<p>Culori: ro\u0219u, albastru \u00eenchis<\/p>\n","protected":false},"excerpt":{"rendered":"<h3>Rucsac-geant\u0103 GA-2941 41x36x14cm<\/h3>\n","protected":false},"featured_media":44586,"comment_status":"open","ping_status":"closed","template":"","meta":{"_et_pb_use_builder":"","_et_pb_old_content":"","_et_gb_content_width":""},"product_brand":[],"product_cat":[662,679],"product_tag":[1243,1132,860,861],"class_list":{"0":"post-44589","1":"product","2":"type-product","3":"status-publish","4":"has-post-thumbnail","6":"product_cat-pentru-sala-de-sport","7":"product_cat-turism-si-recreere","8":"product_tag-pentru-pantofi","9":"product_tag-rucsac","10":"product_tag-sac","11":"product_tag-turism","13":"first","14":"instock","15":"shipping-taxable","16":"purchasable","17":"product-type-simple"},"aioseo_notices":[],"_links":{"self":[{"href":"https:\/\/amaldis.md\/ro\/wp-json\/wp\/v2\/product\/44589","targetHints":{"allow":["GET"]}}],"collection":[{"href":"https:\/\/amaldis.md\/ro\/wp-json\/wp\/v2\/product"}],"about":[{"href":"https:\/\/amaldis.md\/ro\/wp-json\/wp\/v2\/types\/product"}],"replies":[{"embeddable":true,"href":"https:\/\/amaldis.md\/ro\/wp-json\/wp\/v2\/comments?post=44589"}],"wp:featuredmedia":[{"embeddable":true,"href":"https:\/\/amaldis.md\/ro\/wp-json\/wp\/v2\/media\/44586"}],"wp:attachment":[{"href":"https:\/\/amaldis.md\/ro\/wp-json\/wp\/v2\/media?parent=44589"}],"wp:term":[{"taxonomy":"product_brand","embeddable":true,"href":"https:\/\/amaldis.md\/ro\/wp-json\/wp\/v2\/product_brand?post=44589"},{"taxonomy":"product_cat","embeddable":true,"href":"https:\/\/amaldis.md\/ro\/wp-json\/wp\/v2\/product_cat?post=44589"},{"taxonomy":"product_tag","embeddable":true,"href":"https:\/\/amaldis.md\/ro\/wp-json\/wp\/v2\/product_tag?post=44589"}],"curies":[{"name":"wp","href":"https:\/\/api.w.org\/{rel}","templated":true}]}}