{"id":44597,"date":"2025-11-17T15:36:34","date_gmt":"2025-11-17T12:36:34","guid":{"rendered":"https:\/\/amaldis.md\/product\/hta-spray-ice-vp-2969-500ml-spray-racoritor-pentru-ameliorarea-durerilor-sportive\/"},"modified":"2025-11-17T15:36:34","modified_gmt":"2025-11-17T12:36:34","slug":"hta-spray-ice-vp-2969-500ml-spray-racoritor-pentru-ameliorarea-durerilor-sportive","status":"publish","type":"product","link":"https:\/\/amaldis.md\/ro\/produs\/hta-spray-ice-vp-2969-500ml-spray-racoritor-pentru-ameliorarea-durerilor-sportive\/","title":{"rendered":"HTA Spray Ice VP-2969 500ml Spray r\u0103coritor pentru ameliorarea durerilor sportive"},"content":{"rendered":"<h4>HTA Spray Ice VP-2969 500ml Spray r\u0103coritor pentru ameliorarea durerilor sportive<\/h4>\n<p>Tip: Spray-uri r\u0103coritoare<br \/>\nAmbalaj: Cutie de spray<br \/>\nVolum 500 ml<br \/>\nScop: Amelioreaz\u0103 durerea, reduce umflarea, reduce v\u00e2n\u0103t\u0103ile<\/p>\n","protected":false},"excerpt":{"rendered":"<h3>HTA Spray Ice VP-2969 500ml Spray r\u0103coritor pentru ameliorarea durerilor sportive<\/h3>\n","protected":false},"featured_media":44592,"comment_status":"open","ping_status":"closed","template":"","meta":{"_et_pb_use_builder":"","_et_pb_old_content":"","_et_gb_content_width":""},"product_brand":[],"product_cat":[664,676],"product_tag":[1146],"class_list":{"0":"post-44597","1":"product","2":"type-product","3":"status-publish","4":"has-post-thumbnail","6":"product_cat-sanatate","7":"product_cat-standard","8":"product_tag-congelare","10":"first","11":"instock","12":"shipping-taxable","13":"purchasable","14":"product-type-simple"},"aioseo_notices":[],"_links":{"self":[{"href":"https:\/\/amaldis.md\/ro\/wp-json\/wp\/v2\/product\/44597","targetHints":{"allow":["GET"]}}],"collection":[{"href":"https:\/\/amaldis.md\/ro\/wp-json\/wp\/v2\/product"}],"about":[{"href":"https:\/\/amaldis.md\/ro\/wp-json\/wp\/v2\/types\/product"}],"replies":[{"embeddable":true,"href":"https:\/\/amaldis.md\/ro\/wp-json\/wp\/v2\/comments?post=44597"}],"wp:featuredmedia":[{"embeddable":true,"href":"https:\/\/amaldis.md\/ro\/wp-json\/wp\/v2\/media\/44592"}],"wp:attachment":[{"href":"https:\/\/amaldis.md\/ro\/wp-json\/wp\/v2\/media?parent=44597"}],"wp:term":[{"taxonomy":"product_brand","embeddable":true,"href":"https:\/\/amaldis.md\/ro\/wp-json\/wp\/v2\/product_brand?post=44597"},{"taxonomy":"product_cat","embeddable":true,"href":"https:\/\/amaldis.md\/ro\/wp-json\/wp\/v2\/product_cat?post=44597"},{"taxonomy":"product_tag","embeddable":true,"href":"https:\/\/amaldis.md\/ro\/wp-json\/wp\/v2\/product_tag?post=44597"}],"curies":[{"name":"wp","href":"https:\/\/api.w.org\/{rel}","templated":true}]}}