{"id":44609,"date":"2025-11-17T15:45:33","date_gmt":"2025-11-17T12:45:33","guid":{"rendered":"https:\/\/amaldis.md\/product\/tac-de-biliard-pliabil-din-doua-piese-ks-5325-pentru-piramida-ruseasca-160x1-3-cm\/"},"modified":"2026-01-18T13:25:03","modified_gmt":"2026-01-18T10:25:03","slug":"tac-de-biliard-pliabil-din-doua-piese-ks-5325-pentru-piramida-ruseasca-160x1-3-cm","status":"publish","type":"product","link":"https:\/\/amaldis.md\/ro\/produs\/tac-de-biliard-pliabil-din-doua-piese-ks-5325-pentru-piramida-ruseasca-160x1-3-cm\/","title":{"rendered":"Tac de biliard pliabil din dou\u0103 piese KS-5325 pentru piramid\u0103 ruseasc\u0103, 160&#215;1,3 cm"},"content":{"rendered":"<h4>Tac de biliard pliabil din dou\u0103 piese KS-5325 pentru piramid\u0103 ruseasc\u0103, 160&#215;1,3 cm<\/h4>\n<p>Tipuri de tacuri de biliard<br \/>\nTip piramid\u0103 ruseasc\u0103<br \/>\nDiametru 13 mm<br \/>\nLungime 160 cm<br \/>\nNum\u0103r de piese Dou\u0103 piese<br \/>\nMaterial de mahon<\/p>\n","protected":false},"excerpt":{"rendered":"<h3>Tac de biliard pliabil din dou\u0103 piese KS-5325 pentru piramid\u0103 ruseasc\u0103, 160&#215;1,3 cm<\/h3>\n","protected":false},"featured_media":44608,"comment_status":"open","ping_status":"closed","template":"","meta":{"_et_pb_use_builder":"","_et_pb_old_content":"","_et_gb_content_width":""},"product_brand":[],"product_cat":[655],"product_tag":[953,1087],"class_list":{"0":"post-44609","1":"product","2":"type-product","3":"status-publish","4":"has-post-thumbnail","6":"product_cat-biliard","7":"product_tag-biliard","8":"product_tag-tac","10":"first","11":"instock","12":"shipping-taxable","13":"purchasable","14":"product-type-simple"},"aioseo_notices":[],"_links":{"self":[{"href":"https:\/\/amaldis.md\/ro\/wp-json\/wp\/v2\/product\/44609","targetHints":{"allow":["GET"]}}],"collection":[{"href":"https:\/\/amaldis.md\/ro\/wp-json\/wp\/v2\/product"}],"about":[{"href":"https:\/\/amaldis.md\/ro\/wp-json\/wp\/v2\/types\/product"}],"replies":[{"embeddable":true,"href":"https:\/\/amaldis.md\/ro\/wp-json\/wp\/v2\/comments?post=44609"}],"wp:featuredmedia":[{"embeddable":true,"href":"https:\/\/amaldis.md\/ro\/wp-json\/wp\/v2\/media\/44608"}],"wp:attachment":[{"href":"https:\/\/amaldis.md\/ro\/wp-json\/wp\/v2\/media?parent=44609"}],"wp:term":[{"taxonomy":"product_brand","embeddable":true,"href":"https:\/\/amaldis.md\/ro\/wp-json\/wp\/v2\/product_brand?post=44609"},{"taxonomy":"product_cat","embeddable":true,"href":"https:\/\/amaldis.md\/ro\/wp-json\/wp\/v2\/product_cat?post=44609"},{"taxonomy":"product_tag","embeddable":true,"href":"https:\/\/amaldis.md\/ro\/wp-json\/wp\/v2\/product_tag?post=44609"}],"curies":[{"name":"wp","href":"https:\/\/api.w.org\/{rel}","templated":true}]}}