{"id":44629,"date":"2025-11-17T16:18:54","date_gmt":"2025-11-17T13:18:54","guid":{"rendered":"https:\/\/amaldis.md\/product\/minge-kinesiologica-fi-1689-o6-cm\/"},"modified":"2025-11-17T16:18:54","modified_gmt":"2025-11-17T13:18:54","slug":"minge-kinesiologica-fi-1689-o6-cm","status":"publish","type":"product","link":"https:\/\/amaldis.md\/ro\/produs\/minge-kinesiologica-fi-1689-o6-cm\/","title":{"rendered":"Minge kinesiologic\u0103 FI-1689 \u00f86 cm"},"content":{"rendered":"<h4>Minge kinesiologic\u0103 FI-1689 \u00f86 cm<\/h4>\n<p>Tip: Bile de masaj<br \/>\nTip: Manual<br \/>\nDiametru 6 cm<br \/>\nForm\u0103 de sfer\u0103<br \/>\nScop: Conceput pentru automasaj \u0219i lucrul profund al mu\u0219chilor \u0219i fasciei, amelior\u00e2nd tensiunea muscular\u0103, elimin\u00e2nd punctele declan\u0219atoare \u0219i acceler\u00e2nd recuperarea<br \/>\nMaterial: Cauciuc termoplastic (TPR)<\/p>\n","protected":false},"excerpt":{"rendered":"<h3>Minge kinesiologic\u0103 FI-1689 \u00f86 cm, culori asortate<\/h3>\n","protected":false},"featured_media":44628,"comment_status":"open","ping_status":"closed","template":"","meta":{"_et_pb_use_builder":"","_et_pb_old_content":"","_et_gb_content_width":""},"product_brand":[],"product_cat":[664],"product_tag":[1245,937,856],"class_list":{"0":"post-44629","1":"product","2":"type-product","3":"status-publish","4":"has-post-thumbnail","6":"product_cat-sanatate","7":"product_tag-cineologic","8":"product_tag-masaj-ro","9":"product_tag-minge","11":"first","12":"instock","13":"shipping-taxable","14":"purchasable","15":"product-type-simple"},"aioseo_notices":[],"_links":{"self":[{"href":"https:\/\/amaldis.md\/ro\/wp-json\/wp\/v2\/product\/44629","targetHints":{"allow":["GET"]}}],"collection":[{"href":"https:\/\/amaldis.md\/ro\/wp-json\/wp\/v2\/product"}],"about":[{"href":"https:\/\/amaldis.md\/ro\/wp-json\/wp\/v2\/types\/product"}],"replies":[{"embeddable":true,"href":"https:\/\/amaldis.md\/ro\/wp-json\/wp\/v2\/comments?post=44629"}],"wp:featuredmedia":[{"embeddable":true,"href":"https:\/\/amaldis.md\/ro\/wp-json\/wp\/v2\/media\/44628"}],"wp:attachment":[{"href":"https:\/\/amaldis.md\/ro\/wp-json\/wp\/v2\/media?parent=44629"}],"wp:term":[{"taxonomy":"product_brand","embeddable":true,"href":"https:\/\/amaldis.md\/ro\/wp-json\/wp\/v2\/product_brand?post=44629"},{"taxonomy":"product_cat","embeddable":true,"href":"https:\/\/amaldis.md\/ro\/wp-json\/wp\/v2\/product_cat?post=44629"},{"taxonomy":"product_tag","embeddable":true,"href":"https:\/\/amaldis.md\/ro\/wp-json\/wp\/v2\/product_tag?post=44629"}],"curies":[{"name":"wp","href":"https:\/\/api.w.org\/{rel}","templated":true}]}}