{"id":44655,"date":"2025-11-17T18:01:38","date_gmt":"2025-11-17T15:01:38","guid":{"rendered":"https:\/\/amaldis.md\/product\/volei-nr-5-gala-pro-line-5585\/"},"modified":"2026-04-08T14:24:30","modified_gmt":"2026-04-08T11:24:30","slug":"volei-nr-5-gala-pro-line-5585","status":"publish","type":"product","link":"https:\/\/amaldis.md\/ro\/produs\/volei-nr-5-gala-pro-line-5585\/","title":{"rendered":"Volei nr. 5 Gala Pro-Line 5585"},"content":{"rendered":"<h4 class=\"product__title\" title=\"Volei nr. 5 Gala Pro-Line 5585\">Volei nr. 5 Gala Pro-Line 5585<\/h4>\n<p>Mingea de volei Gala Pro-Line BV5595S este o minge de competi\u021bie de \u00eenalt\u0103 calitate, aprobat\u0103 de FIVB pentru utilizare \u00een competi\u021bii interna\u021bionale. Fabricat\u0103 \u00een Republica Ceh\u0103, ofer\u0103 performan\u021be excelente pe terenul de joc. <\/p>\n<p>Specificatii:<\/p>\n<p>M\u0103rime: Nr. 5 (circumferin\u021b\u0103: 650\u2013670 mm)<\/p>\n<p>Greutate: 260\u2013280 g<\/p>\n<p>Material exterior: piele sintetic\u0103 PU cu finisaj ad\u00e2ncit pentru aderen\u021b\u0103 \u0219i control \u00eembun\u0103t\u0103\u021bite<\/p>\n<p>Camera interioar\u0103: butil pentru men\u021binerea presiunii<\/p>\n<p>Construc\u021bie: 12 panouri lipite pentru stabilitate \u0219i control optim<\/p>\n<p>Culoare: alb, albastru \u0219i ro\u0219u<\/p>\n<p>Certificare: aprobat\u0103 FIVB pentru competi\u021bii oficiale<\/p>\n<p>&nbsp;<\/p>\n","protected":false},"excerpt":{"rendered":"<h3 class=\"product__title\" title=\"Volei nr. 5 Gala Pro-Line 5585\">Volei nr. 5 Gala Pro-Line 5585<\/h3>\n","protected":false},"featured_media":46495,"comment_status":"open","ping_status":"closed","template":"","meta":{"_et_pb_use_builder":"","_et_pb_old_content":"","_et_gb_content_width":""},"product_brand":[1463],"product_cat":[658],"product_tag":[1467,856,1466,887,1470,1471],"class_list":{"0":"post-44655","1":"product","2":"type-product","3":"status-publish","4":"has-post-thumbnail","6":"product_brand-gala","7":"product_cat-volei","8":"product_tag-gala-ro","9":"product_tag-minge","10":"product_tag-minge-de-volei","11":"product_tag-volei","12":"product_tag-myach-volejbol-ro","13":"product_tag-myach-dlya-volejbola-ro","15":"first","16":"instock","17":"shipping-taxable","18":"purchasable","19":"product-type-simple"},"aioseo_notices":[],"_links":{"self":[{"href":"https:\/\/amaldis.md\/ro\/wp-json\/wp\/v2\/product\/44655","targetHints":{"allow":["GET"]}}],"collection":[{"href":"https:\/\/amaldis.md\/ro\/wp-json\/wp\/v2\/product"}],"about":[{"href":"https:\/\/amaldis.md\/ro\/wp-json\/wp\/v2\/types\/product"}],"replies":[{"embeddable":true,"href":"https:\/\/amaldis.md\/ro\/wp-json\/wp\/v2\/comments?post=44655"}],"wp:featuredmedia":[{"embeddable":true,"href":"https:\/\/amaldis.md\/ro\/wp-json\/wp\/v2\/media\/46495"}],"wp:attachment":[{"href":"https:\/\/amaldis.md\/ro\/wp-json\/wp\/v2\/media?parent=44655"}],"wp:term":[{"taxonomy":"product_brand","embeddable":true,"href":"https:\/\/amaldis.md\/ro\/wp-json\/wp\/v2\/product_brand?post=44655"},{"taxonomy":"product_cat","embeddable":true,"href":"https:\/\/amaldis.md\/ro\/wp-json\/wp\/v2\/product_cat?post=44655"},{"taxonomy":"product_tag","embeddable":true,"href":"https:\/\/amaldis.md\/ro\/wp-json\/wp\/v2\/product_tag?post=44655"}],"curies":[{"name":"wp","href":"https:\/\/api.w.org\/{rel}","templated":true}]}}