{"id":44728,"date":"2025-11-18T11:49:31","date_gmt":"2025-11-18T08:49:31","guid":{"rendered":"https:\/\/amaldis.md\/product\/bile-de-biliard-pentru-piramida-ruseasca-68mm-ks-8876-68-mm-albe\/"},"modified":"2026-01-18T13:29:44","modified_gmt":"2026-01-18T10:29:44","slug":"bile-de-biliard-pentru-piramida-ruseasca-68mm-ks-8876-68-mm-albe","status":"publish","type":"product","link":"https:\/\/amaldis.md\/ro\/produs\/bile-de-biliard-pentru-piramida-ruseasca-68mm-ks-8876-68-mm-albe\/","title":{"rendered":"Bile de biliard pentru piramid\u0103 ruseasc\u0103 68mm KS-1068 68 mm albe"},"content":{"rendered":"<h4>Bile de biliard pentru piramid\u0103 ruseasc\u0103 68mm KS-1068 68 mm albe<\/h4>\n","protected":false},"excerpt":{"rendered":"<h3>Bile de biliard pentru piramid\u0103 ruseasc\u0103 68mm KS-1068 68 mm albe<\/h3>\n","protected":false},"featured_media":44725,"comment_status":"open","ping_status":"closed","template":"","meta":{"_et_pb_use_builder":"","_et_pb_old_content":"","_et_gb_content_width":""},"product_brand":[],"product_cat":[655],"product_tag":[953,1094,1095],"class_list":{"0":"post-44728","1":"product","2":"type-product","3":"status-publish","4":"has-post-thumbnail","6":"product_cat-biliard","7":"product_tag-biliard","8":"product_tag-mingi","9":"product_tag-mingi-de-biliard","11":"first","12":"instock","13":"shipping-taxable","14":"purchasable","15":"product-type-simple"},"aioseo_notices":[],"_links":{"self":[{"href":"https:\/\/amaldis.md\/ro\/wp-json\/wp\/v2\/product\/44728","targetHints":{"allow":["GET"]}}],"collection":[{"href":"https:\/\/amaldis.md\/ro\/wp-json\/wp\/v2\/product"}],"about":[{"href":"https:\/\/amaldis.md\/ro\/wp-json\/wp\/v2\/types\/product"}],"replies":[{"embeddable":true,"href":"https:\/\/amaldis.md\/ro\/wp-json\/wp\/v2\/comments?post=44728"}],"wp:featuredmedia":[{"embeddable":true,"href":"https:\/\/amaldis.md\/ro\/wp-json\/wp\/v2\/media\/44725"}],"wp:attachment":[{"href":"https:\/\/amaldis.md\/ro\/wp-json\/wp\/v2\/media?parent=44728"}],"wp:term":[{"taxonomy":"product_brand","embeddable":true,"href":"https:\/\/amaldis.md\/ro\/wp-json\/wp\/v2\/product_brand?post=44728"},{"taxonomy":"product_cat","embeddable":true,"href":"https:\/\/amaldis.md\/ro\/wp-json\/wp\/v2\/product_cat?post=44728"},{"taxonomy":"product_tag","embeddable":true,"href":"https:\/\/amaldis.md\/ro\/wp-json\/wp\/v2\/product_tag?post=44728"}],"curies":[{"name":"wp","href":"https:\/\/api.w.org\/{rel}","templated":true}]}}