{"id":44744,"date":"2025-11-19T10:53:00","date_gmt":"2025-11-19T07:53:00","guid":{"rendered":"https:\/\/amaldis.md\/product\/manusi-de-box-amaldis-pu-10-oz\/"},"modified":"2026-03-11T12:41:46","modified_gmt":"2026-03-11T09:41:46","slug":"manusi-de-box-amaldis-pu-10-oz","status":"publish","type":"product","link":"https:\/\/amaldis.md\/ro\/produs\/manusi-de-box-amaldis-pu-10-oz\/","title":{"rendered":"M\u0103nu\u0219i de box AMALDIS PU, Negre\/Albe, 10 OZ, 9498"},"content":{"rendered":"<h4>M\u0103nu\u0219i de box AMALDIS PU, Negre\/Albe, 10 OZ, 9498<\/h4>\n<p>M\u0103nu\u0219i de box Amaldis de \u00eenalt\u0103 calitate pentru antrenament de box \u0219i arte mar\u021biale. Materialul durabil \u0219i rezistent la uzur\u0103 asigur\u0103 o purtare de lung\u0103 durat\u0103, \u00een timp ce c\u0103ptu\u0219eala multistrat absoarbe eficient \u0219ocurile \u0219i protejeaz\u0103 m\u00e2inile. Forma anatomic\u0103 \u0219i \u00eenchiderea sigur\u0103 cu velcro la \u00eencheietura m\u00e2inii asigur\u0103 o potrivire confortabil\u0103 \u0219i un suport stabil pentru m\u00e2ini.<br \/>\nPotrivit pentru saci de box, pad-uri \u0219i sparring. O alegere excelent\u0103 at\u00e2t pentru \u00eencep\u0103tori, c\u00e2t \u0219i pentru sportivi experimenta\u021bi. <\/p>\n","protected":false},"excerpt":{"rendered":"<h3>M\u0103nu\u0219i de box AMALDIS PU, Negre\/Albe, 10 OZ, 9498<\/h3>\n","protected":false},"featured_media":46130,"comment_status":"open","ping_status":"closed","template":"","meta":{"_et_pb_use_builder":"","_et_pb_old_content":"","_et_gb_content_width":""},"product_brand":[1390],"product_cat":[656],"product_tag":[842,851,1348,834,1342,1354,1398,1400],"class_list":{"0":"post-44744","1":"product","2":"type-product","3":"status-publish","4":"has-post-thumbnail","6":"product_brand-amaldis","7":"product_cat-box","8":"product_tag-arte-martiale","9":"product_tag-box","10":"product_tag-lupta-ro","11":"product_tag-manusi","12":"product_tag-moldova-ro","13":"product_tag-sparring","14":"product_tag-sportul-moldovei","15":"product_tag-sorevnovaniya-ro","17":"first","18":"instock","19":"shipping-taxable","20":"purchasable","21":"product-type-simple"},"aioseo_notices":[],"_links":{"self":[{"href":"https:\/\/amaldis.md\/ro\/wp-json\/wp\/v2\/product\/44744","targetHints":{"allow":["GET"]}}],"collection":[{"href":"https:\/\/amaldis.md\/ro\/wp-json\/wp\/v2\/product"}],"about":[{"href":"https:\/\/amaldis.md\/ro\/wp-json\/wp\/v2\/types\/product"}],"replies":[{"embeddable":true,"href":"https:\/\/amaldis.md\/ro\/wp-json\/wp\/v2\/comments?post=44744"}],"wp:featuredmedia":[{"embeddable":true,"href":"https:\/\/amaldis.md\/ro\/wp-json\/wp\/v2\/media\/46130"}],"wp:attachment":[{"href":"https:\/\/amaldis.md\/ro\/wp-json\/wp\/v2\/media?parent=44744"}],"wp:term":[{"taxonomy":"product_brand","embeddable":true,"href":"https:\/\/amaldis.md\/ro\/wp-json\/wp\/v2\/product_brand?post=44744"},{"taxonomy":"product_cat","embeddable":true,"href":"https:\/\/amaldis.md\/ro\/wp-json\/wp\/v2\/product_cat?post=44744"},{"taxonomy":"product_tag","embeddable":true,"href":"https:\/\/amaldis.md\/ro\/wp-json\/wp\/v2\/product_tag?post=44744"}],"curies":[{"name":"wp","href":"https:\/\/api.w.org\/{rel}","templated":true}]}}