{"id":44912,"date":"2025-11-19T17:55:49","date_gmt":"2025-11-19T14:55:49","guid":{"rendered":"https:\/\/amaldis.md\/product\/aparatori-de-tibie-pentru-fotbal-sports-fb-9722-m\/"},"modified":"2025-11-19T17:55:49","modified_gmt":"2025-11-19T14:55:49","slug":"aparatori-de-tibie-pentru-fotbal-sports-fb-9722-m","status":"publish","type":"product","link":"https:\/\/amaldis.md\/ro\/produs\/aparatori-de-tibie-pentru-fotbal-sports-fb-9722-m\/","title":{"rendered":"Ap\u0103r\u0103tori de tibie pentru fotbal SPORTS FB-9722 M"},"content":{"rendered":"<h3>Ap\u0103r\u0103tori de tibie pentru fotbal SPORTS FB-9722 M<\/h3>\n","protected":false},"excerpt":{"rendered":"<h3>Ap\u0103r\u0103tori de tibie pentru fotbal SPORTS FB-9722 M \u00een culori asortate<\/h3>\n","protected":false},"featured_media":44911,"comment_status":"open","ping_status":"closed","template":"","meta":{"_et_pb_use_builder":"","_et_pb_old_content":"","_et_gb_content_width":""},"product_brand":[],"product_cat":[682],"product_tag":[956,901],"class_list":{"0":"post-44912","1":"product","2":"type-product","3":"status-publish","4":"has-post-thumbnail","6":"product_cat-fotbal","7":"product_tag-fotbal-ro","8":"product_tag-scuturi","10":"first","11":"instock","12":"shipping-taxable","13":"purchasable","14":"product-type-simple"},"aioseo_notices":[],"_links":{"self":[{"href":"https:\/\/amaldis.md\/ro\/wp-json\/wp\/v2\/product\/44912","targetHints":{"allow":["GET"]}}],"collection":[{"href":"https:\/\/amaldis.md\/ro\/wp-json\/wp\/v2\/product"}],"about":[{"href":"https:\/\/amaldis.md\/ro\/wp-json\/wp\/v2\/types\/product"}],"replies":[{"embeddable":true,"href":"https:\/\/amaldis.md\/ro\/wp-json\/wp\/v2\/comments?post=44912"}],"wp:featuredmedia":[{"embeddable":true,"href":"https:\/\/amaldis.md\/ro\/wp-json\/wp\/v2\/media\/44911"}],"wp:attachment":[{"href":"https:\/\/amaldis.md\/ro\/wp-json\/wp\/v2\/media?parent=44912"}],"wp:term":[{"taxonomy":"product_brand","embeddable":true,"href":"https:\/\/amaldis.md\/ro\/wp-json\/wp\/v2\/product_brand?post=44912"},{"taxonomy":"product_cat","embeddable":true,"href":"https:\/\/amaldis.md\/ro\/wp-json\/wp\/v2\/product_cat?post=44912"},{"taxonomy":"product_tag","embeddable":true,"href":"https:\/\/amaldis.md\/ro\/wp-json\/wp\/v2\/product_tag?post=44912"}],"curies":[{"name":"wp","href":"https:\/\/api.w.org\/{rel}","templated":true}]}}