{"id":44928,"date":"2025-11-21T10:38:55","date_gmt":"2025-11-21T07:38:55","guid":{"rendered":"https:\/\/amaldis.md\/product\/banda-de-rezistenta-8021-expander-tubular-cu-manere\/"},"modified":"2025-11-21T10:38:55","modified_gmt":"2025-11-21T07:38:55","slug":"banda-de-rezistenta-8021-expander-tubular-cu-manere","status":"publish","type":"product","link":"https:\/\/amaldis.md\/ro\/produs\/banda-de-rezistenta-8021-expander-tubular-cu-manere\/","title":{"rendered":"Band\u0103 de rezisten\u021b\u0103 8021 Expander tubular cu m\u00e2nere"},"content":{"rendered":"<h4>Band\u0103 de rezisten\u021b\u0103 8021 Expander tubular cu m\u00e2nere<\/h4>\n<p>Tipul de expansor<br \/>\nTip Multifunc\u021bional<br \/>\nForm\u0103 tubular\u0103<br \/>\nMaterial Latex<\/p>\n","protected":false},"excerpt":{"rendered":"<h3>Band\u0103 de rezisten\u021b\u0103 8021-4 expansor tubular cu m\u00e2nere, sarcin\u0103 18 kg, lungime 75 cm, galben<\/h3>\n","protected":false},"featured_media":44927,"comment_status":"open","ping_status":"closed","template":"","meta":{"_et_pb_use_builder":"","_et_pb_old_content":"","_et_gb_content_width":""},"product_brand":[],"product_cat":[678],"product_tag":[830,869],"class_list":{"0":"post-44928","1":"product","2":"type-product","3":"status-publish","4":"has-post-thumbnail","6":"product_cat-formare","7":"product_tag-a-face-exercitii-fizice","8":"product_tag-expander","10":"first","11":"instock","12":"shipping-taxable","13":"purchasable","14":"product-type-simple"},"aioseo_notices":[],"_links":{"self":[{"href":"https:\/\/amaldis.md\/ro\/wp-json\/wp\/v2\/product\/44928","targetHints":{"allow":["GET"]}}],"collection":[{"href":"https:\/\/amaldis.md\/ro\/wp-json\/wp\/v2\/product"}],"about":[{"href":"https:\/\/amaldis.md\/ro\/wp-json\/wp\/v2\/types\/product"}],"replies":[{"embeddable":true,"href":"https:\/\/amaldis.md\/ro\/wp-json\/wp\/v2\/comments?post=44928"}],"wp:featuredmedia":[{"embeddable":true,"href":"https:\/\/amaldis.md\/ro\/wp-json\/wp\/v2\/media\/44927"}],"wp:attachment":[{"href":"https:\/\/amaldis.md\/ro\/wp-json\/wp\/v2\/media?parent=44928"}],"wp:term":[{"taxonomy":"product_brand","embeddable":true,"href":"https:\/\/amaldis.md\/ro\/wp-json\/wp\/v2\/product_brand?post=44928"},{"taxonomy":"product_cat","embeddable":true,"href":"https:\/\/amaldis.md\/ro\/wp-json\/wp\/v2\/product_cat?post=44928"},{"taxonomy":"product_tag","embeddable":true,"href":"https:\/\/amaldis.md\/ro\/wp-json\/wp\/v2\/product_tag?post=44928"}],"curies":[{"name":"wp","href":"https:\/\/api.w.org\/{rel}","templated":true}]}}