{"id":44952,"date":"2025-11-21T12:19:29","date_gmt":"2025-11-21T09:19:29","guid":{"rendered":"https:\/\/amaldis.md\/product\/tricou-sport-cu-compresie-domino-1416-m-2xl-cu-maneca-lunga\/"},"modified":"2025-11-21T12:19:29","modified_gmt":"2025-11-21T09:19:29","slug":"tricou-sport-cu-compresie-domino-1416-m-2xl-cu-maneca-lunga","status":"publish","type":"product","link":"https:\/\/amaldis.md\/ro\/produs\/tricou-sport-cu-compresie-domino-1416-m-2xl-cu-maneca-lunga\/","title":{"rendered":"Tricou sport cu compresie Domino 1416 M-2XL cu m\u00e2nec\u0103 lung\u0103"},"content":{"rendered":"<h4 class=\"product-intro__title\">Tricou sport cu compresie Domino 1416 M-2XL cu m\u00e2nec\u0103 lung\u0103<\/h4>\n<h6 class=\"product-intro__title\">Material: Poliester \/ Elastan<\/h6>\n","protected":false},"excerpt":{"rendered":"<h3 class=\"product-intro__title\">Tricou sport cu m\u00e2nec\u0103 lung\u0103 compresie Domino 1416 M, L, negru<\/h3>\n","protected":false},"featured_media":44947,"comment_status":"open","ping_status":"closed","template":"","meta":{"_et_pb_use_builder":"","_et_pb_old_content":"","_et_gb_content_width":""},"product_brand":[],"product_cat":[671],"product_tag":[1272,896],"class_list":{"0":"post-44952","1":"product","2":"type-product","3":"status-publish","4":"has-post-thumbnail","6":"product_cat-imbracaminte","7":"product_tag-maneca-lunga-ro","8":"product_tag-panza","10":"first","11":"instock","12":"shipping-taxable","13":"purchasable","14":"product-type-simple"},"aioseo_notices":[],"_links":{"self":[{"href":"https:\/\/amaldis.md\/ro\/wp-json\/wp\/v2\/product\/44952","targetHints":{"allow":["GET"]}}],"collection":[{"href":"https:\/\/amaldis.md\/ro\/wp-json\/wp\/v2\/product"}],"about":[{"href":"https:\/\/amaldis.md\/ro\/wp-json\/wp\/v2\/types\/product"}],"replies":[{"embeddable":true,"href":"https:\/\/amaldis.md\/ro\/wp-json\/wp\/v2\/comments?post=44952"}],"wp:featuredmedia":[{"embeddable":true,"href":"https:\/\/amaldis.md\/ro\/wp-json\/wp\/v2\/media\/44947"}],"wp:attachment":[{"href":"https:\/\/amaldis.md\/ro\/wp-json\/wp\/v2\/media?parent=44952"}],"wp:term":[{"taxonomy":"product_brand","embeddable":true,"href":"https:\/\/amaldis.md\/ro\/wp-json\/wp\/v2\/product_brand?post=44952"},{"taxonomy":"product_cat","embeddable":true,"href":"https:\/\/amaldis.md\/ro\/wp-json\/wp\/v2\/product_cat?post=44952"},{"taxonomy":"product_tag","embeddable":true,"href":"https:\/\/amaldis.md\/ro\/wp-json\/wp\/v2\/product_tag?post=44952"}],"curies":[{"name":"wp","href":"https:\/\/api.w.org\/{rel}","templated":true}]}}