{"id":44960,"date":"2025-11-21T12:27:28","date_gmt":"2025-11-21T09:27:28","guid":{"rendered":"https:\/\/amaldis.md\/product\/spray-de-indepartare-a-benzii-adezive-hta-tape-off-ur-vp-0199-200-ml\/"},"modified":"2025-11-21T12:27:28","modified_gmt":"2025-11-21T09:27:28","slug":"spray-de-indepartare-a-benzii-adezive-hta-tape-off-ur-vp-0199-200-ml","status":"publish","type":"product","link":"https:\/\/amaldis.md\/ro\/produs\/spray-de-indepartare-a-benzii-adezive-hta-tape-off-ur-vp-0199-200-ml\/","title":{"rendered":"Spray de \u00eendep\u0103rtare a benzii adezive HTA Tape Off Ur VP-0199 200 ml"},"content":{"rendered":"<h4>Spray de \u00eendep\u0103rtare a benzii adezive HTA Tape Off Ur VP-0199 200 ml<\/h4>\n","protected":false},"excerpt":{"rendered":"<h3>Spray de \u00eendep\u0103rtare a benzii adezive HTA Tape Off Ur VP-0199 200 ml<\/h3>\n","protected":false},"featured_media":44959,"comment_status":"open","ping_status":"closed","template":"","meta":{"_et_pb_use_builder":"","_et_pb_old_content":"","_et_gb_content_width":""},"product_brand":[],"product_cat":[664],"product_tag":[1274],"class_list":{"0":"post-44960","1":"product","2":"type-product","3":"status-publish","4":"has-post-thumbnail","6":"product_cat-sanatate","7":"product_tag-sprej-dlya-snyatiya-tejpov-ro","9":"first","10":"instock","11":"shipping-taxable","12":"purchasable","13":"product-type-simple"},"aioseo_notices":[],"_links":{"self":[{"href":"https:\/\/amaldis.md\/ro\/wp-json\/wp\/v2\/product\/44960","targetHints":{"allow":["GET"]}}],"collection":[{"href":"https:\/\/amaldis.md\/ro\/wp-json\/wp\/v2\/product"}],"about":[{"href":"https:\/\/amaldis.md\/ro\/wp-json\/wp\/v2\/types\/product"}],"replies":[{"embeddable":true,"href":"https:\/\/amaldis.md\/ro\/wp-json\/wp\/v2\/comments?post=44960"}],"wp:featuredmedia":[{"embeddable":true,"href":"https:\/\/amaldis.md\/ro\/wp-json\/wp\/v2\/media\/44959"}],"wp:attachment":[{"href":"https:\/\/amaldis.md\/ro\/wp-json\/wp\/v2\/media?parent=44960"}],"wp:term":[{"taxonomy":"product_brand","embeddable":true,"href":"https:\/\/amaldis.md\/ro\/wp-json\/wp\/v2\/product_brand?post=44960"},{"taxonomy":"product_cat","embeddable":true,"href":"https:\/\/amaldis.md\/ro\/wp-json\/wp\/v2\/product_cat?post=44960"},{"taxonomy":"product_tag","embeddable":true,"href":"https:\/\/amaldis.md\/ro\/wp-json\/wp\/v2\/product_tag?post=44960"}],"curies":[{"name":"wp","href":"https:\/\/api.w.org\/{rel}","templated":true}]}}