{"id":45035,"date":"2025-11-23T14:31:31","date_gmt":"2025-11-23T11:31:31","guid":{"rendered":"https:\/\/amaldis.md\/product\/carlige-pentru-tractiuni-la-incheietura-mainii-cu-curele-de-tragere-in-jos-si-in-sus-ta-8019-2-buc-negreyj\/"},"modified":"2025-11-23T14:31:31","modified_gmt":"2025-11-23T11:31:31","slug":"carlige-pentru-tractiuni-la-incheietura-mainii-cu-curele-de-tragere-in-jos-si-in-sus-ta-8019-2-buc-negreyj","status":"publish","type":"product","link":"https:\/\/amaldis.md\/ro\/produs\/carlige-pentru-tractiuni-la-incheietura-mainii-cu-curele-de-tragere-in-jos-si-in-sus-ta-8019-2-buc-negreyj\/","title":{"rendered":"C\u00e2rlige pentru trac\u021biuni la \u00eencheietura m\u00e2inii, cu curele de tragere \u00een jos \u0219i \u00een sus, TA-8019, 2 buc., negre\u044b\u0439"},"content":{"rendered":"<h4>C\u00e2rlige pentru trac\u021biuni la \u00eencheietura m\u00e2inii, cu curele de tragere \u00een jos \u0219i \u00een sus, TA-8019, 2 buc., negre\u044b\u0439<\/h4>\n","protected":false},"excerpt":{"rendered":"<h3>C\u00e2rlige pentru trac\u021biuni la \u00eencheietura m\u00e2inii, cu curele de tragere \u00een jos \u0219i \u00een sus, TA-8019, 2 buc., negre\u044b\u0439<\/h3>\n","protected":false},"featured_media":45034,"comment_status":"open","ping_status":"closed","template":"","meta":{"_et_pb_use_builder":"","_et_pb_old_content":"","_et_gb_content_width":""},"product_brand":[],"product_cat":[676],"product_tag":[1280,838],"class_list":{"0":"post-45035","1":"product","2":"type-product","3":"status-publish","4":"has-post-thumbnail","6":"product_cat-standard","7":"product_tag-carlige","8":"product_tag-curele","10":"first","11":"instock","12":"shipping-taxable","13":"purchasable","14":"product-type-simple"},"aioseo_notices":[],"_links":{"self":[{"href":"https:\/\/amaldis.md\/ro\/wp-json\/wp\/v2\/product\/45035","targetHints":{"allow":["GET"]}}],"collection":[{"href":"https:\/\/amaldis.md\/ro\/wp-json\/wp\/v2\/product"}],"about":[{"href":"https:\/\/amaldis.md\/ro\/wp-json\/wp\/v2\/types\/product"}],"replies":[{"embeddable":true,"href":"https:\/\/amaldis.md\/ro\/wp-json\/wp\/v2\/comments?post=45035"}],"wp:featuredmedia":[{"embeddable":true,"href":"https:\/\/amaldis.md\/ro\/wp-json\/wp\/v2\/media\/45034"}],"wp:attachment":[{"href":"https:\/\/amaldis.md\/ro\/wp-json\/wp\/v2\/media?parent=45035"}],"wp:term":[{"taxonomy":"product_brand","embeddable":true,"href":"https:\/\/amaldis.md\/ro\/wp-json\/wp\/v2\/product_brand?post=45035"},{"taxonomy":"product_cat","embeddable":true,"href":"https:\/\/amaldis.md\/ro\/wp-json\/wp\/v2\/product_cat?post=45035"},{"taxonomy":"product_tag","embeddable":true,"href":"https:\/\/amaldis.md\/ro\/wp-json\/wp\/v2\/product_tag?post=45035"}],"curies":[{"name":"wp","href":"https:\/\/api.w.org\/{rel}","templated":true}]}}