{"id":45166,"date":"2025-11-24T14:17:31","date_gmt":"2025-11-24T11:17:31","guid":{"rendered":"https:\/\/amaldis.md\/product\/tabla-tactica-pentru-antrenor-de-fotbal-c-4610-42x28-5cm\/"},"modified":"2025-11-24T14:17:31","modified_gmt":"2025-11-24T11:17:31","slug":"tabla-tactica-pentru-antrenor-de-fotbal-c-4610-42x28-5cm","status":"publish","type":"product","link":"https:\/\/amaldis.md\/ro\/produs\/tabla-tactica-pentru-antrenor-de-fotbal-c-4610-42x28-5cm\/","title":{"rendered":"Tabl\u0103 tactic\u0103 pentru antrenor de fotbal C-4610 42&#215;28.5cm"},"content":{"rendered":"<h4>Tabl\u0103 tactic\u0103 pentru antrenor de fotbal C-4610 42&#215;28.5cm<\/h4>\n","protected":false},"excerpt":{"rendered":"<h3>Tabl\u0103 tactic\u0103 pentru antrenor de fotbal C-4610 42&#215;28.5cm<\/h3>\n","protected":false},"featured_media":45165,"comment_status":"open","ping_status":"closed","template":"","meta":{"_et_pb_use_builder":"","_et_pb_old_content":"","_et_gb_content_width":""},"product_brand":[],"product_cat":[682],"product_tag":[1296],"class_list":{"0":"post-45166","1":"product","2":"type-product","3":"status-publish","4":"has-post-thumbnail","6":"product_cat-fotbal","7":"product_tag-tabla-tactica","9":"first","10":"instock","11":"shipping-taxable","12":"purchasable","13":"product-type-simple"},"aioseo_notices":[],"_links":{"self":[{"href":"https:\/\/amaldis.md\/ro\/wp-json\/wp\/v2\/product\/45166","targetHints":{"allow":["GET"]}}],"collection":[{"href":"https:\/\/amaldis.md\/ro\/wp-json\/wp\/v2\/product"}],"about":[{"href":"https:\/\/amaldis.md\/ro\/wp-json\/wp\/v2\/types\/product"}],"replies":[{"embeddable":true,"href":"https:\/\/amaldis.md\/ro\/wp-json\/wp\/v2\/comments?post=45166"}],"wp:featuredmedia":[{"embeddable":true,"href":"https:\/\/amaldis.md\/ro\/wp-json\/wp\/v2\/media\/45165"}],"wp:attachment":[{"href":"https:\/\/amaldis.md\/ro\/wp-json\/wp\/v2\/media?parent=45166"}],"wp:term":[{"taxonomy":"product_brand","embeddable":true,"href":"https:\/\/amaldis.md\/ro\/wp-json\/wp\/v2\/product_brand?post=45166"},{"taxonomy":"product_cat","embeddable":true,"href":"https:\/\/amaldis.md\/ro\/wp-json\/wp\/v2\/product_cat?post=45166"},{"taxonomy":"product_tag","embeddable":true,"href":"https:\/\/amaldis.md\/ro\/wp-json\/wp\/v2\/product_tag?post=45166"}],"curies":[{"name":"wp","href":"https:\/\/api.w.org\/{rel}","templated":true}]}}