{"id":45302,"date":"2025-12-01T14:32:45","date_gmt":"2025-12-01T11:32:45","guid":{"rendered":"https:\/\/amaldis.md\/product\/dopuri-de-urechi-pentru-inot-cu-curea-si-clema-nazala-incluse-pl-1084-8864\/"},"modified":"2025-12-01T14:32:45","modified_gmt":"2025-12-01T11:32:45","slug":"dopuri-de-urechi-pentru-inot-cu-curea-si-clema-nazala-incluse-pl-1084-8864","status":"publish","type":"product","link":"https:\/\/amaldis.md\/ro\/produs\/dopuri-de-urechi-pentru-inot-cu-curea-si-clema-nazala-incluse-pl-1084-8864\/","title":{"rendered":"Dopuri de urechi pentru \u00eenot cu curea \u0219i clem\u0103 nazal\u0103 incluse PL-1084 8864"},"content":{"rendered":"<h4>Dopuri de urechi pentru \u00eenot cu curea \u0219i clem\u0103 nazal\u0103 incluse PL-1084 8864<\/h4>\n<p>Tipul de dopuri de urechi<br \/>\nSex: Feminin, Masculin<br \/>\nMaterial Silicon<\/p>\n","protected":false},"excerpt":{"rendered":"<h3>Dopuri de urechi pentru \u00eenot cu curea \u0219i clem\u0103 nazal\u0103 incluse PL-1084 8864<\/h3>\n","protected":false},"featured_media":45301,"comment_status":"open","ping_status":"closed","template":"","meta":{"_et_pb_use_builder":"","_et_pb_old_content":"","_et_gb_content_width":""},"product_brand":[],"product_cat":[672],"product_tag":[907,882],"class_list":{"0":"post-45302","1":"product","2":"type-product","3":"status-publish","4":"has-post-thumbnail","6":"product_cat-inot","7":"product_tag-dopuri-pentru-urechi","8":"product_tag-inot","10":"first","11":"instock","12":"shipping-taxable","13":"purchasable","14":"product-type-simple"},"aioseo_notices":[],"_links":{"self":[{"href":"https:\/\/amaldis.md\/ro\/wp-json\/wp\/v2\/product\/45302","targetHints":{"allow":["GET"]}}],"collection":[{"href":"https:\/\/amaldis.md\/ro\/wp-json\/wp\/v2\/product"}],"about":[{"href":"https:\/\/amaldis.md\/ro\/wp-json\/wp\/v2\/types\/product"}],"replies":[{"embeddable":true,"href":"https:\/\/amaldis.md\/ro\/wp-json\/wp\/v2\/comments?post=45302"}],"wp:featuredmedia":[{"embeddable":true,"href":"https:\/\/amaldis.md\/ro\/wp-json\/wp\/v2\/media\/45301"}],"wp:attachment":[{"href":"https:\/\/amaldis.md\/ro\/wp-json\/wp\/v2\/media?parent=45302"}],"wp:term":[{"taxonomy":"product_brand","embeddable":true,"href":"https:\/\/amaldis.md\/ro\/wp-json\/wp\/v2\/product_brand?post=45302"},{"taxonomy":"product_cat","embeddable":true,"href":"https:\/\/amaldis.md\/ro\/wp-json\/wp\/v2\/product_cat?post=45302"},{"taxonomy":"product_tag","embeddable":true,"href":"https:\/\/amaldis.md\/ro\/wp-json\/wp\/v2\/product_tag?post=45302"}],"curies":[{"name":"wp","href":"https:\/\/api.w.org\/{rel}","templated":true}]}}