{"id":45322,"date":"2025-12-01T15:01:13","date_gmt":"2025-12-01T12:01:13","guid":{"rendered":"https:\/\/amaldis.md\/product\/clema-nazala-mad-wave-ergo-m0712-02-0-06w-7840\/"},"modified":"2025-12-01T15:01:13","modified_gmt":"2025-12-01T12:01:13","slug":"clema-nazala-mad-wave-ergo-m0712-02-0-06w-7840","status":"publish","type":"product","link":"https:\/\/amaldis.md\/ro\/produs\/clema-nazala-mad-wave-ergo-m0712-02-0-06w-7840\/","title":{"rendered":"Clem\u0103 nazal\u0103 Mad Wave Ergo M0712 02 0 06W 7840"},"content":{"rendered":"<h4>Clem\u0103 nazal\u0103 Mad Wave Ergo M0712 02 0 06W 7840<\/h4>\n","protected":false},"excerpt":{"rendered":"<h3>Clem\u0103 nazal\u0103 Mad Wave Ergo M0712 02 0 06W 7840<\/h3>\n","protected":false},"featured_media":45321,"comment_status":"open","ping_status":"closed","template":"","meta":{"_et_pb_use_builder":"","_et_pb_old_content":"","_et_gb_content_width":""},"product_brand":[],"product_cat":[672],"product_tag":[881,882],"class_list":{"0":"post-45322","1":"product","2":"type-product","3":"status-publish","4":"has-post-thumbnail","6":"product_cat-inot","7":"product_tag-agrafa-pentru-nas","8":"product_tag-inot","10":"first","11":"instock","12":"shipping-taxable","13":"purchasable","14":"product-type-simple"},"aioseo_notices":[],"_links":{"self":[{"href":"https:\/\/amaldis.md\/ro\/wp-json\/wp\/v2\/product\/45322","targetHints":{"allow":["GET"]}}],"collection":[{"href":"https:\/\/amaldis.md\/ro\/wp-json\/wp\/v2\/product"}],"about":[{"href":"https:\/\/amaldis.md\/ro\/wp-json\/wp\/v2\/types\/product"}],"replies":[{"embeddable":true,"href":"https:\/\/amaldis.md\/ro\/wp-json\/wp\/v2\/comments?post=45322"}],"wp:featuredmedia":[{"embeddable":true,"href":"https:\/\/amaldis.md\/ro\/wp-json\/wp\/v2\/media\/45321"}],"wp:attachment":[{"href":"https:\/\/amaldis.md\/ro\/wp-json\/wp\/v2\/media?parent=45322"}],"wp:term":[{"taxonomy":"product_brand","embeddable":true,"href":"https:\/\/amaldis.md\/ro\/wp-json\/wp\/v2\/product_brand?post=45322"},{"taxonomy":"product_cat","embeddable":true,"href":"https:\/\/amaldis.md\/ro\/wp-json\/wp\/v2\/product_cat?post=45322"},{"taxonomy":"product_tag","embeddable":true,"href":"https:\/\/amaldis.md\/ro\/wp-json\/wp\/v2\/product_tag?post=45322"}],"curies":[{"name":"wp","href":"https:\/\/api.w.org\/{rel}","templated":true}]}}