{"id":45370,"date":"2025-12-01T16:05:03","date_gmt":"2025-12-01T13:05:03","guid":{"rendered":"https:\/\/amaldis.md\/product\/zelart-bo-5135-l-l-8618-gutiera-de-box-cu-o-singura-falca\/"},"modified":"2025-12-01T16:05:03","modified_gmt":"2025-12-01T13:05:03","slug":"zelart-bo-5135-l-l-8618-gutiera-de-box-cu-o-singura-falca","status":"publish","type":"product","link":"https:\/\/amaldis.md\/ro\/produs\/zelart-bo-5135-l-l-8618-gutiera-de-box-cu-o-singura-falca\/","title":{"rendered":"Zelart BO-5135-L L 8618 Gutier\u0103 de box cu o singur\u0103 falc\u0103"},"content":{"rendered":"<h4>Zelart BO-5135-L L 8618 Gutier\u0103 de box cu o singur\u0103 falc\u0103<\/h4>\n","protected":false},"excerpt":{"rendered":"<h3>Zelart BO-5135-L L 8618 Gutier\u0103 de box cu o singur\u0103 falc\u0103<\/h3>\n","protected":false},"featured_media":45365,"comment_status":"open","ping_status":"closed","template":"","meta":{"_et_pb_use_builder":"","_et_pb_old_content":"","_et_gb_content_width":""},"product_brand":[],"product_cat":[656],"product_tag":[874,851],"class_list":{"0":"post-45370","1":"product","2":"type-product","3":"status-publish","4":"has-post-thumbnail","6":"product_cat-box","7":"product_tag-aparatorie-pentru-gura","8":"product_tag-box","10":"first","11":"instock","12":"shipping-taxable","13":"purchasable","14":"product-type-simple"},"aioseo_notices":[],"_links":{"self":[{"href":"https:\/\/amaldis.md\/ro\/wp-json\/wp\/v2\/product\/45370","targetHints":{"allow":["GET"]}}],"collection":[{"href":"https:\/\/amaldis.md\/ro\/wp-json\/wp\/v2\/product"}],"about":[{"href":"https:\/\/amaldis.md\/ro\/wp-json\/wp\/v2\/types\/product"}],"replies":[{"embeddable":true,"href":"https:\/\/amaldis.md\/ro\/wp-json\/wp\/v2\/comments?post=45370"}],"wp:featuredmedia":[{"embeddable":true,"href":"https:\/\/amaldis.md\/ro\/wp-json\/wp\/v2\/media\/45365"}],"wp:attachment":[{"href":"https:\/\/amaldis.md\/ro\/wp-json\/wp\/v2\/media?parent=45370"}],"wp:term":[{"taxonomy":"product_brand","embeddable":true,"href":"https:\/\/amaldis.md\/ro\/wp-json\/wp\/v2\/product_brand?post=45370"},{"taxonomy":"product_cat","embeddable":true,"href":"https:\/\/amaldis.md\/ro\/wp-json\/wp\/v2\/product_cat?post=45370"},{"taxonomy":"product_tag","embeddable":true,"href":"https:\/\/amaldis.md\/ro\/wp-json\/wp\/v2\/product_tag?post=45370"}],"curies":[{"name":"wp","href":"https:\/\/api.w.org\/{rel}","templated":true}]}}