{"id":45404,"date":"2025-12-01T19:43:34","date_gmt":"2025-12-01T16:43:34","guid":{"rendered":"https:\/\/amaldis.md\/product\/pluta-de-inot-pl-0411-albastra-si-alba-8537\/"},"modified":"2025-12-01T19:43:34","modified_gmt":"2025-12-01T16:43:34","slug":"pluta-de-inot-pl-0411-albastra-si-alba-8537","status":"publish","type":"product","link":"https:\/\/amaldis.md\/ro\/produs\/pluta-de-inot-pl-0411-albastra-si-alba-8537\/","title":{"rendered":"Plut\u0103 de \u00eenot PL-0411 albastr\u0103 \u0219i alb\u0103 8537"},"content":{"rendered":"<h4>Plut\u0103 de \u00eenot PL-0411 albastr\u0103 \u0219i alb\u0103 8537<\/h4>\n<p>Vedere a ora\u0219ului Koloba\u0219ka<br \/>\nDimensiuni (Lxlx\u00ce) 21x11x8cm<br \/>\nScop: \u00cembun\u0103t\u0103\u021birea tehnicii de \u00eenot<br \/>\nMaterial: Acetat de etilen vinil<\/p>\n","protected":false},"excerpt":{"rendered":"<h3>Plut\u0103 de \u00eenot PL-0411 albastr\u0103 \u0219i alb\u0103 8537<\/h3>\n","protected":false},"featured_media":45403,"comment_status":"open","ping_status":"closed","template":"","meta":{"_et_pb_use_builder":"","_et_pb_old_content":"","_et_gb_content_width":""},"product_brand":[],"product_cat":[672],"product_tag":[882,1304],"class_list":{"0":"post-45404","1":"product","2":"type-product","3":"status-publish","4":"has-post-thumbnail","6":"product_cat-inot","7":"product_tag-inot","8":"product_tag-kolobasca","10":"first","11":"instock","12":"shipping-taxable","13":"purchasable","14":"product-type-simple"},"aioseo_notices":[],"_links":{"self":[{"href":"https:\/\/amaldis.md\/ro\/wp-json\/wp\/v2\/product\/45404","targetHints":{"allow":["GET"]}}],"collection":[{"href":"https:\/\/amaldis.md\/ro\/wp-json\/wp\/v2\/product"}],"about":[{"href":"https:\/\/amaldis.md\/ro\/wp-json\/wp\/v2\/types\/product"}],"replies":[{"embeddable":true,"href":"https:\/\/amaldis.md\/ro\/wp-json\/wp\/v2\/comments?post=45404"}],"wp:featuredmedia":[{"embeddable":true,"href":"https:\/\/amaldis.md\/ro\/wp-json\/wp\/v2\/media\/45403"}],"wp:attachment":[{"href":"https:\/\/amaldis.md\/ro\/wp-json\/wp\/v2\/media?parent=45404"}],"wp:term":[{"taxonomy":"product_brand","embeddable":true,"href":"https:\/\/amaldis.md\/ro\/wp-json\/wp\/v2\/product_brand?post=45404"},{"taxonomy":"product_cat","embeddable":true,"href":"https:\/\/amaldis.md\/ro\/wp-json\/wp\/v2\/product_cat?post=45404"},{"taxonomy":"product_tag","embeddable":true,"href":"https:\/\/amaldis.md\/ro\/wp-json\/wp\/v2\/product_tag?post=45404"}],"curies":[{"name":"wp","href":"https:\/\/api.w.org\/{rel}","templated":true}]}}