{"id":45548,"date":"2025-12-08T17:05:43","date_gmt":"2025-12-08T14:05:43","guid":{"rendered":"https:\/\/amaldis.md\/product\/creta-lichida-ta-1340-9540\/"},"modified":"2025-12-08T17:05:43","modified_gmt":"2025-12-08T14:05:43","slug":"creta-lichida-ta-1340-9540","status":"publish","type":"product","link":"https:\/\/amaldis.md\/ro\/produs\/creta-lichida-ta-1340-9540\/","title":{"rendered":"Cret\u0103 lichid\u0103 TA-1340 9540"},"content":{"rendered":"<h4>Cret\u0103 lichid\u0103 TA-1340 9540<\/h4>\n","protected":false},"excerpt":{"rendered":"<h3>Cret\u0103 lichid\u0103 TA-1340 9540<\/h3>\n","protected":false},"featured_media":45547,"comment_status":"open","ping_status":"closed","template":"","meta":{"_et_pb_use_builder":"","_et_pb_old_content":"","_et_gb_content_width":""},"product_brand":[],"product_cat":[652,659,680],"product_tag":[964,965],"class_list":{"0":"post-45548","1":"product","2":"type-product","3":"status-publish","4":"has-post-thumbnail","6":"product_cat-atletism","7":"product_cat-gimnastica-si-dans","8":"product_cat-tyazhelaya-atletika","9":"product_tag-magnezia","10":"product_tag-talc","12":"first","13":"instock","14":"shipping-taxable","15":"purchasable","16":"product-type-simple"},"aioseo_notices":[],"_links":{"self":[{"href":"https:\/\/amaldis.md\/ro\/wp-json\/wp\/v2\/product\/45548","targetHints":{"allow":["GET"]}}],"collection":[{"href":"https:\/\/amaldis.md\/ro\/wp-json\/wp\/v2\/product"}],"about":[{"href":"https:\/\/amaldis.md\/ro\/wp-json\/wp\/v2\/types\/product"}],"replies":[{"embeddable":true,"href":"https:\/\/amaldis.md\/ro\/wp-json\/wp\/v2\/comments?post=45548"}],"wp:featuredmedia":[{"embeddable":true,"href":"https:\/\/amaldis.md\/ro\/wp-json\/wp\/v2\/media\/45547"}],"wp:attachment":[{"href":"https:\/\/amaldis.md\/ro\/wp-json\/wp\/v2\/media?parent=45548"}],"wp:term":[{"taxonomy":"product_brand","embeddable":true,"href":"https:\/\/amaldis.md\/ro\/wp-json\/wp\/v2\/product_brand?post=45548"},{"taxonomy":"product_cat","embeddable":true,"href":"https:\/\/amaldis.md\/ro\/wp-json\/wp\/v2\/product_cat?post=45548"},{"taxonomy":"product_tag","embeddable":true,"href":"https:\/\/amaldis.md\/ro\/wp-json\/wp\/v2\/product_tag?post=45548"}],"curies":[{"name":"wp","href":"https:\/\/api.w.org\/{rel}","templated":true}]}}