{"id":45554,"date":"2025-12-08T17:10:22","date_gmt":"2025-12-08T14:10:22","guid":{"rendered":"https:\/\/amaldis.md\/product\/creta-de-biliard-master-ks-1110-12-buc-albastra-7007\/"},"modified":"2025-12-08T17:10:22","modified_gmt":"2025-12-08T14:10:22","slug":"creta-de-biliard-master-ks-1110-12-buc-albastra-7007","status":"publish","type":"product","link":"https:\/\/amaldis.md\/ro\/produs\/creta-de-biliard-master-ks-1110-12-buc-albastra-7007\/","title":{"rendered":"Cret\u0103 de biliard MASTER KS-1110 12 buc albastr\u0103 7007"},"content":{"rendered":"<h4>Cret\u0103 de biliard MASTER KS-1110 12 buc albastr\u0103 7007<\/h4>\n","protected":false},"excerpt":{"rendered":"<h3>Cret\u0103 de biliard MASTER KS-1110 12 buc albastr\u0103 7007<\/h3>\n","protected":false},"featured_media":45553,"comment_status":"open","ping_status":"closed","template":"","meta":{"_et_pb_use_builder":"","_et_pb_old_content":"","_et_gb_content_width":""},"product_brand":[],"product_cat":[655],"product_tag":[953,973],"class_list":{"0":"post-45554","1":"product","2":"type-product","3":"status-publish","4":"has-post-thumbnail","6":"product_cat-biliard","7":"product_tag-biliard","8":"product_tag-creta","10":"first","11":"instock","12":"shipping-taxable","13":"purchasable","14":"product-type-simple"},"aioseo_notices":[],"_links":{"self":[{"href":"https:\/\/amaldis.md\/ro\/wp-json\/wp\/v2\/product\/45554","targetHints":{"allow":["GET"]}}],"collection":[{"href":"https:\/\/amaldis.md\/ro\/wp-json\/wp\/v2\/product"}],"about":[{"href":"https:\/\/amaldis.md\/ro\/wp-json\/wp\/v2\/types\/product"}],"replies":[{"embeddable":true,"href":"https:\/\/amaldis.md\/ro\/wp-json\/wp\/v2\/comments?post=45554"}],"wp:featuredmedia":[{"embeddable":true,"href":"https:\/\/amaldis.md\/ro\/wp-json\/wp\/v2\/media\/45553"}],"wp:attachment":[{"href":"https:\/\/amaldis.md\/ro\/wp-json\/wp\/v2\/media?parent=45554"}],"wp:term":[{"taxonomy":"product_brand","embeddable":true,"href":"https:\/\/amaldis.md\/ro\/wp-json\/wp\/v2\/product_brand?post=45554"},{"taxonomy":"product_cat","embeddable":true,"href":"https:\/\/amaldis.md\/ro\/wp-json\/wp\/v2\/product_cat?post=45554"},{"taxonomy":"product_tag","embeddable":true,"href":"https:\/\/amaldis.md\/ro\/wp-json\/wp\/v2\/product_tag?post=45554"}],"curies":[{"name":"wp","href":"https:\/\/api.w.org\/{rel}","templated":true}]}}