{"id":45567,"date":"2025-12-08T17:19:37","date_gmt":"2025-12-08T14:19:37","guid":{"rendered":"https:\/\/amaldis.md\/product\/vesta-compresiva-pentru-barbati-jason-co-701-l-7345\/"},"modified":"2025-12-08T17:19:37","modified_gmt":"2025-12-08T14:19:37","slug":"vesta-compresiva-pentru-barbati-jason-co-701-l-7345","status":"publish","type":"product","link":"https:\/\/amaldis.md\/ro\/produs\/vesta-compresiva-pentru-barbati-jason-co-701-l-7345\/","title":{"rendered":"Vest\u0103 compresiv\u0103 pentru b\u0103rba\u021bi JASON CO-701 L 7345"},"content":{"rendered":"<h4>Vest\u0103 compresiv\u0103 pentru b\u0103rba\u021bi JASON CO-701 L 7345<\/h4>\n<p>Material lycra<\/p>\n<p>Culoare: negru<\/p>\n<p>&nbsp;<\/p>\n","protected":false},"excerpt":{"rendered":"<h4>Vest\u0103 compresiv\u0103 pentru b\u0103rba\u021bi JASON CO-701 L 7345<\/h4>\n","protected":false},"featured_media":45566,"comment_status":"open","ping_status":"closed","template":"","meta":{"_et_pb_use_builder":"","_et_pb_old_content":"","_et_gb_content_width":""},"product_brand":[],"product_cat":[671],"product_tag":[883,1229],"class_list":{"0":"post-45567","1":"product","2":"type-product","3":"status-publish","4":"has-post-thumbnail","6":"product_cat-imbracaminte","7":"product_tag-comprimare-ro","8":"product_tag-mama","10":"first","11":"instock","12":"shipping-taxable","13":"purchasable","14":"product-type-simple"},"aioseo_notices":[],"_links":{"self":[{"href":"https:\/\/amaldis.md\/ro\/wp-json\/wp\/v2\/product\/45567","targetHints":{"allow":["GET"]}}],"collection":[{"href":"https:\/\/amaldis.md\/ro\/wp-json\/wp\/v2\/product"}],"about":[{"href":"https:\/\/amaldis.md\/ro\/wp-json\/wp\/v2\/types\/product"}],"replies":[{"embeddable":true,"href":"https:\/\/amaldis.md\/ro\/wp-json\/wp\/v2\/comments?post=45567"}],"wp:featuredmedia":[{"embeddable":true,"href":"https:\/\/amaldis.md\/ro\/wp-json\/wp\/v2\/media\/45566"}],"wp:attachment":[{"href":"https:\/\/amaldis.md\/ro\/wp-json\/wp\/v2\/media?parent=45567"}],"wp:term":[{"taxonomy":"product_brand","embeddable":true,"href":"https:\/\/amaldis.md\/ro\/wp-json\/wp\/v2\/product_brand?post=45567"},{"taxonomy":"product_cat","embeddable":true,"href":"https:\/\/amaldis.md\/ro\/wp-json\/wp\/v2\/product_cat?post=45567"},{"taxonomy":"product_tag","embeddable":true,"href":"https:\/\/amaldis.md\/ro\/wp-json\/wp\/v2\/product_tag?post=45567"}],"curies":[{"name":"wp","href":"https:\/\/api.w.org\/{rel}","templated":true}]}}