{"id":45603,"date":"2025-12-08T17:53:17","date_gmt":"2025-12-08T14:53:17","guid":{"rendered":"https:\/\/amaldis.md\/product\/coarda-de-sarit-de-viteza-zelart-fi-5106-3m-4905-cu-rulmenti-si-cablu-de-otel\/"},"modified":"2025-12-08T17:53:17","modified_gmt":"2025-12-08T14:53:17","slug":"coarda-de-sarit-de-viteza-zelart-fi-5106-3m-4905-cu-rulmenti-si-cablu-de-otel","status":"publish","type":"product","link":"https:\/\/amaldis.md\/ro\/produs\/coarda-de-sarit-de-viteza-zelart-fi-5106-3m-4905-cu-rulmenti-si-cablu-de-otel\/","title":{"rendered":"Coard\u0103 de s\u0103rit de vitez\u0103 Zelart FI-5106 3m 4905 cu rulmen\u021bi \u0219i cablu de o\u021bel"},"content":{"rendered":"<h4>Coard\u0103 de s\u0103rit de vitez\u0103 Zelart FI-5106 3m 4905 cu rulmen\u021bi \u0219i cablu de o\u021bel<\/h4>\n","protected":false},"excerpt":{"rendered":"<h3>Coard\u0103 de s\u0103rit de vitez\u0103 Zelart FI-5106 3m 4905 cu rulmen\u021bi \u0219i cablu de o\u021bel<\/h3>\n","protected":false},"featured_media":45602,"comment_status":"open","ping_status":"closed","template":"","meta":{"_et_pb_use_builder":"","_et_pb_old_content":"","_et_gb_content_width":""},"product_brand":[],"product_cat":[676],"product_tag":[829],"class_list":{"0":"post-45603","1":"product","2":"type-product","3":"status-publish","4":"has-post-thumbnail","6":"product_cat-standard","7":"product_tag-a-sari-coarda","9":"first","10":"instock","11":"shipping-taxable","12":"purchasable","13":"product-type-simple"},"aioseo_notices":[],"_links":{"self":[{"href":"https:\/\/amaldis.md\/ro\/wp-json\/wp\/v2\/product\/45603","targetHints":{"allow":["GET"]}}],"collection":[{"href":"https:\/\/amaldis.md\/ro\/wp-json\/wp\/v2\/product"}],"about":[{"href":"https:\/\/amaldis.md\/ro\/wp-json\/wp\/v2\/types\/product"}],"replies":[{"embeddable":true,"href":"https:\/\/amaldis.md\/ro\/wp-json\/wp\/v2\/comments?post=45603"}],"wp:featuredmedia":[{"embeddable":true,"href":"https:\/\/amaldis.md\/ro\/wp-json\/wp\/v2\/media\/45602"}],"wp:attachment":[{"href":"https:\/\/amaldis.md\/ro\/wp-json\/wp\/v2\/media?parent=45603"}],"wp:term":[{"taxonomy":"product_brand","embeddable":true,"href":"https:\/\/amaldis.md\/ro\/wp-json\/wp\/v2\/product_brand?post=45603"},{"taxonomy":"product_cat","embeddable":true,"href":"https:\/\/amaldis.md\/ro\/wp-json\/wp\/v2\/product_cat?post=45603"},{"taxonomy":"product_tag","embeddable":true,"href":"https:\/\/amaldis.md\/ro\/wp-json\/wp\/v2\/product_tag?post=45603"}],"curies":[{"name":"wp","href":"https:\/\/api.w.org\/{rel}","templated":true}]}}