{"id":45613,"date":"2025-12-08T17:58:14","date_gmt":"2025-12-08T14:58:14","guid":{"rendered":"https:\/\/amaldis.md\/product\/coarda-de-sarit-crossfit-speed-cu-rulment-si-cablu-de-otel-cu-manere-din-aluminiu-cima-fi-7429-l-3m-9539\/"},"modified":"2025-12-08T17:58:14","modified_gmt":"2025-12-08T14:58:14","slug":"coarda-de-sarit-crossfit-speed-cu-rulment-si-cablu-de-otel-cu-manere-din-aluminiu-cima-fi-7429-l-3m-9539","status":"publish","type":"product","link":"https:\/\/amaldis.md\/ro\/produs\/coarda-de-sarit-crossfit-speed-cu-rulment-si-cablu-de-otel-cu-manere-din-aluminiu-cima-fi-7429-l-3m-9539\/","title":{"rendered":"Coard\u0103 de s\u0103rit CrossFit Speed \u200b\u200bcu rulment \u0219i cablu de o\u021bel cu m\u00e2nere din aluminiu CIMA FI-7429 L-3m 9539"},"content":{"rendered":"<h4>Coard\u0103 de s\u0103rit CrossFit Speed \u200b\u200bcu rulment \u0219i cablu de o\u021bel cu m\u00e2nere din aluminiu CIMA FI-7429 L-3m 9539<\/h4>\n","protected":false},"excerpt":{"rendered":"<h3>Coard\u0103 de s\u0103rit CrossFit Speed \u200b\u200bcu rulment \u0219i cablu de o\u021bel cu m\u00e2nere din aluminiu CIMA FI-7429 L-3m 9539<\/h3>\n","protected":false},"featured_media":45612,"comment_status":"open","ping_status":"closed","template":"","meta":{"_et_pb_use_builder":"","_et_pb_old_content":"","_et_gb_content_width":""},"product_brand":[],"product_cat":[676],"product_tag":[829,899],"class_list":{"0":"post-45613","1":"product","2":"type-product","3":"status-publish","4":"has-post-thumbnail","6":"product_cat-standard","7":"product_tag-a-sari-coarda","8":"product_tag-expressway","10":"first","11":"instock","12":"shipping-taxable","13":"purchasable","14":"product-type-simple"},"aioseo_notices":[],"_links":{"self":[{"href":"https:\/\/amaldis.md\/ro\/wp-json\/wp\/v2\/product\/45613","targetHints":{"allow":["GET"]}}],"collection":[{"href":"https:\/\/amaldis.md\/ro\/wp-json\/wp\/v2\/product"}],"about":[{"href":"https:\/\/amaldis.md\/ro\/wp-json\/wp\/v2\/types\/product"}],"replies":[{"embeddable":true,"href":"https:\/\/amaldis.md\/ro\/wp-json\/wp\/v2\/comments?post=45613"}],"wp:featuredmedia":[{"embeddable":true,"href":"https:\/\/amaldis.md\/ro\/wp-json\/wp\/v2\/media\/45612"}],"wp:attachment":[{"href":"https:\/\/amaldis.md\/ro\/wp-json\/wp\/v2\/media?parent=45613"}],"wp:term":[{"taxonomy":"product_brand","embeddable":true,"href":"https:\/\/amaldis.md\/ro\/wp-json\/wp\/v2\/product_brand?post=45613"},{"taxonomy":"product_cat","embeddable":true,"href":"https:\/\/amaldis.md\/ro\/wp-json\/wp\/v2\/product_cat?post=45613"},{"taxonomy":"product_tag","embeddable":true,"href":"https:\/\/amaldis.md\/ro\/wp-json\/wp\/v2\/product_tag?post=45613"}],"curies":[{"name":"wp","href":"https:\/\/api.w.org\/{rel}","templated":true}]}}