{"id":45633,"date":"2025-12-08T18:11:28","date_gmt":"2025-12-08T15:11:28","guid":{"rendered":"https:\/\/amaldis.md\/product\/casca-de-inot-textila-cu-invelis-pu-cima-pl-2998-9317\/"},"modified":"2025-12-08T18:11:28","modified_gmt":"2025-12-08T15:11:28","slug":"casca-de-inot-textila-cu-invelis-pu-cima-pl-2998-9317","status":"publish","type":"product","link":"https:\/\/amaldis.md\/ro\/produs\/casca-de-inot-textila-cu-invelis-pu-cima-pl-2998-9317\/","title":{"rendered":"Casc\u0103 de \u00eenot textil\u0103 cu \u00eenveli\u0219 PU CIMA PL-2998 9317"},"content":{"rendered":"<h4>Casc\u0103 de \u00eenot textil\u0103 cu \u00eenveli\u0219 PU CIMA PL-2998 9317<\/h4>\n","protected":false},"excerpt":{"rendered":"<h3>Casc\u0103 de \u00eenot textil\u0103 cu \u00eenveli\u0219 PU CIMA PL-2998 9317<\/h3>\n","protected":false},"featured_media":45632,"comment_status":"open","ping_status":"closed","template":"","meta":{"_et_pb_use_builder":"","_et_pb_old_content":"","_et_gb_content_width":""},"product_brand":[],"product_cat":[672],"product_tag":[894,882],"class_list":{"0":"post-45633","1":"product","2":"type-product","3":"status-publish","4":"has-post-thumbnail","6":"product_cat-inot","7":"product_tag-capac","8":"product_tag-inot","10":"first","11":"instock","12":"shipping-taxable","13":"purchasable","14":"product-type-simple"},"aioseo_notices":[],"_links":{"self":[{"href":"https:\/\/amaldis.md\/ro\/wp-json\/wp\/v2\/product\/45633","targetHints":{"allow":["GET"]}}],"collection":[{"href":"https:\/\/amaldis.md\/ro\/wp-json\/wp\/v2\/product"}],"about":[{"href":"https:\/\/amaldis.md\/ro\/wp-json\/wp\/v2\/types\/product"}],"replies":[{"embeddable":true,"href":"https:\/\/amaldis.md\/ro\/wp-json\/wp\/v2\/comments?post=45633"}],"wp:featuredmedia":[{"embeddable":true,"href":"https:\/\/amaldis.md\/ro\/wp-json\/wp\/v2\/media\/45632"}],"wp:attachment":[{"href":"https:\/\/amaldis.md\/ro\/wp-json\/wp\/v2\/media?parent=45633"}],"wp:term":[{"taxonomy":"product_brand","embeddable":true,"href":"https:\/\/amaldis.md\/ro\/wp-json\/wp\/v2\/product_brand?post=45633"},{"taxonomy":"product_cat","embeddable":true,"href":"https:\/\/amaldis.md\/ro\/wp-json\/wp\/v2\/product_cat?post=45633"},{"taxonomy":"product_tag","embeddable":true,"href":"https:\/\/amaldis.md\/ro\/wp-json\/wp\/v2\/product_tag?post=45633"}],"curies":[{"name":"wp","href":"https:\/\/api.w.org\/{rel}","templated":true}]}}