{"id":45643,"date":"2025-12-08T18:15:43","date_gmt":"2025-12-08T15:15:43","guid":{"rendered":"https:\/\/amaldis.md\/product\/dame-cu-teren-de-joc-din-vinil-intr-o-cutie-cadou-din-carton-3508-o3-2-cm-9541\/"},"modified":"2025-12-08T18:15:43","modified_gmt":"2025-12-08T15:15:43","slug":"dame-cu-teren-de-joc-din-vinil-intr-o-cutie-cadou-din-carton-3508-o3-2-cm-9541","status":"publish","type":"product","link":"https:\/\/amaldis.md\/ro\/produs\/dame-cu-teren-de-joc-din-vinil-intr-o-cutie-cadou-din-carton-3508-o3-2-cm-9541\/","title":{"rendered":"Dame cu teren de joc din vinil \u00eentr-o cutie cadou din carton 3508 \u00f83,2 cm 9541"},"content":{"rendered":"<h4>Dame cu teren de joc din vinil \u00eentr-o cutie cadou din carton 3508 \u00f83,2 cm 9541<\/h4>\n","protected":false},"excerpt":{"rendered":"<h3>Dame cu teren de joc din vinil \u00eentr-o cutie cadou din carton 3508 \u00f83,2 cm 9541<\/h3>\n","protected":false},"featured_media":45640,"comment_status":"open","ping_status":"closed","template":"","meta":{"_et_pb_use_builder":"","_et_pb_old_content":"","_et_gb_content_width":""},"product_brand":[],"product_cat":[668],"product_tag":[764],"class_list":{"0":"post-45643","1":"product","2":"type-product","3":"status-publish","4":"has-post-thumbnail","6":"product_cat-jocuri","7":"product_tag-dame","9":"first","10":"instock","11":"shipping-taxable","12":"purchasable","13":"product-type-simple"},"aioseo_notices":[],"_links":{"self":[{"href":"https:\/\/amaldis.md\/ro\/wp-json\/wp\/v2\/product\/45643","targetHints":{"allow":["GET"]}}],"collection":[{"href":"https:\/\/amaldis.md\/ro\/wp-json\/wp\/v2\/product"}],"about":[{"href":"https:\/\/amaldis.md\/ro\/wp-json\/wp\/v2\/types\/product"}],"replies":[{"embeddable":true,"href":"https:\/\/amaldis.md\/ro\/wp-json\/wp\/v2\/comments?post=45643"}],"wp:featuredmedia":[{"embeddable":true,"href":"https:\/\/amaldis.md\/ro\/wp-json\/wp\/v2\/media\/45640"}],"wp:attachment":[{"href":"https:\/\/amaldis.md\/ro\/wp-json\/wp\/v2\/media?parent=45643"}],"wp:term":[{"taxonomy":"product_brand","embeddable":true,"href":"https:\/\/amaldis.md\/ro\/wp-json\/wp\/v2\/product_brand?post=45643"},{"taxonomy":"product_cat","embeddable":true,"href":"https:\/\/amaldis.md\/ro\/wp-json\/wp\/v2\/product_cat?post=45643"},{"taxonomy":"product_tag","embeddable":true,"href":"https:\/\/amaldis.md\/ro\/wp-json\/wp\/v2\/product_tag?post=45643"}],"curies":[{"name":"wp","href":"https:\/\/api.w.org\/{rel}","templated":true}]}}