{"id":45717,"date":"2025-12-10T13:58:20","date_gmt":"2025-12-10T10:58:20","guid":{"rendered":"https:\/\/amaldis.md\/product\/labe-de-inot-scurte-madwave-m074606608w-pentru-piscina-cu-calcai-inchis-marimea-42-43-albastre-7208\/"},"modified":"2025-12-10T13:58:20","modified_gmt":"2025-12-10T10:58:20","slug":"labe-de-inot-scurte-madwave-m074606608w-pentru-piscina-cu-calcai-inchis-marimea-42-43-albastre-7208","status":"publish","type":"product","link":"https:\/\/amaldis.md\/ro\/produs\/labe-de-inot-scurte-madwave-m074606608w-pentru-piscina-cu-calcai-inchis-marimea-42-43-albastre-7208\/","title":{"rendered":"Labe de \u00eenot scurte MadWave M074606608W pentru piscin\u0103, cu c\u0103lc\u00e2i \u00eenchis, m\u0103rimea 42-43, albastre, 7208"},"content":{"rendered":"<h4>Labe de \u00eenot scurte MadWave M074606608W pentru piscin\u0103, cu c\u0103lc\u00e2i \u00eenchis, m\u0103rimea 42-43, albastre, 7208<\/h4>\n","protected":false},"excerpt":{"rendered":"<h3>Labe de \u00eenot scurte MadWave M074606608W pentru piscin\u0103, cu c\u0103lc\u00e2i \u00eenchis, m\u0103rimea 42-43, albastre, 7208<\/h3>\n","protected":false},"featured_media":45716,"comment_status":"open","ping_status":"closed","template":"","meta":{"_et_pb_use_builder":"","_et_pb_old_content":"","_et_gb_content_width":""},"product_brand":[],"product_cat":[672],"product_tag":[970,971],"class_list":{"0":"post-45717","1":"product","2":"type-product","3":"status-publish","4":"has-post-thumbnail","6":"product_cat-inot","7":"product_tag-aripioare-de-inot","8":"product_tag-instruire-ro","10":"first","11":"instock","12":"shipping-taxable","13":"purchasable","14":"product-type-simple"},"aioseo_notices":[],"_links":{"self":[{"href":"https:\/\/amaldis.md\/ro\/wp-json\/wp\/v2\/product\/45717","targetHints":{"allow":["GET"]}}],"collection":[{"href":"https:\/\/amaldis.md\/ro\/wp-json\/wp\/v2\/product"}],"about":[{"href":"https:\/\/amaldis.md\/ro\/wp-json\/wp\/v2\/types\/product"}],"replies":[{"embeddable":true,"href":"https:\/\/amaldis.md\/ro\/wp-json\/wp\/v2\/comments?post=45717"}],"wp:featuredmedia":[{"embeddable":true,"href":"https:\/\/amaldis.md\/ro\/wp-json\/wp\/v2\/media\/45716"}],"wp:attachment":[{"href":"https:\/\/amaldis.md\/ro\/wp-json\/wp\/v2\/media?parent=45717"}],"wp:term":[{"taxonomy":"product_brand","embeddable":true,"href":"https:\/\/amaldis.md\/ro\/wp-json\/wp\/v2\/product_brand?post=45717"},{"taxonomy":"product_cat","embeddable":true,"href":"https:\/\/amaldis.md\/ro\/wp-json\/wp\/v2\/product_cat?post=45717"},{"taxonomy":"product_tag","embeddable":true,"href":"https:\/\/amaldis.md\/ro\/wp-json\/wp\/v2\/product_tag?post=45717"}],"curies":[{"name":"wp","href":"https:\/\/api.w.org\/{rel}","templated":true}]}}