{"id":45725,"date":"2025-12-10T14:17:55","date_gmt":"2025-12-10T11:17:55","guid":{"rendered":"https:\/\/amaldis.md\/product\/labe-scurte-cu-calcai-inchis-pentru-antrenament-in-piscina-cima-pl-0788-marimea-30-32-8839\/"},"modified":"2025-12-10T14:17:55","modified_gmt":"2025-12-10T11:17:55","slug":"labe-scurte-cu-calcai-inchis-pentru-antrenament-in-piscina-cima-pl-0788-marimea-30-32-8839","status":"publish","type":"product","link":"https:\/\/amaldis.md\/ro\/produs\/labe-scurte-cu-calcai-inchis-pentru-antrenament-in-piscina-cima-pl-0788-marimea-30-32-8839\/","title":{"rendered":"Labe scurte cu c\u0103lc\u00e2i \u00eenchis pentru antrenament \u00een piscin\u0103 CIMA PL-0788 m\u0103rimea 30-32 8839"},"content":{"rendered":"<h4>Labe scurte cu c\u0103lc\u00e2i \u00eenchis pentru antrenament \u00een piscin\u0103 CIMA PL-0788 m\u0103rimea 30-32 8839<\/h4>\n<p>Culoare albastr\u0103<\/p>\n","protected":false},"excerpt":{"rendered":"<h3>Labe scurte cu c\u0103lc\u00e2i \u00eenchis pentru antrenament \u00een piscin\u0103 CIMA PL-0788 m\u0103rimea 30-32 8839<\/h3>\n","protected":false},"featured_media":45724,"comment_status":"open","ping_status":"closed","template":"","meta":{"_et_pb_use_builder":"","_et_pb_old_content":"","_et_gb_content_width":""},"product_brand":[],"product_cat":[672],"product_tag":[970,971],"class_list":{"0":"post-45725","1":"product","2":"type-product","3":"status-publish","4":"has-post-thumbnail","6":"product_cat-inot","7":"product_tag-aripioare-de-inot","8":"product_tag-instruire-ro","10":"first","11":"instock","12":"shipping-taxable","13":"purchasable","14":"product-type-simple"},"aioseo_notices":[],"_links":{"self":[{"href":"https:\/\/amaldis.md\/ro\/wp-json\/wp\/v2\/product\/45725","targetHints":{"allow":["GET"]}}],"collection":[{"href":"https:\/\/amaldis.md\/ro\/wp-json\/wp\/v2\/product"}],"about":[{"href":"https:\/\/amaldis.md\/ro\/wp-json\/wp\/v2\/types\/product"}],"replies":[{"embeddable":true,"href":"https:\/\/amaldis.md\/ro\/wp-json\/wp\/v2\/comments?post=45725"}],"wp:featuredmedia":[{"embeddable":true,"href":"https:\/\/amaldis.md\/ro\/wp-json\/wp\/v2\/media\/45724"}],"wp:attachment":[{"href":"https:\/\/amaldis.md\/ro\/wp-json\/wp\/v2\/media?parent=45725"}],"wp:term":[{"taxonomy":"product_brand","embeddable":true,"href":"https:\/\/amaldis.md\/ro\/wp-json\/wp\/v2\/product_brand?post=45725"},{"taxonomy":"product_cat","embeddable":true,"href":"https:\/\/amaldis.md\/ro\/wp-json\/wp\/v2\/product_cat?post=45725"},{"taxonomy":"product_tag","embeddable":true,"href":"https:\/\/amaldis.md\/ro\/wp-json\/wp\/v2\/product_tag?post=45725"}],"curies":[{"name":"wp","href":"https:\/\/api.w.org\/{rel}","templated":true}]}}