{"id":45733,"date":"2025-12-10T14:23:25","date_gmt":"2025-12-10T11:23:25","guid":{"rendered":"https:\/\/amaldis.md\/product\/labe-scurte-cu-calcai-inchis-pentru-antrenament-in-piscina-cima-pl-0788-marimea-33-35-8840\/"},"modified":"2025-12-10T14:23:25","modified_gmt":"2025-12-10T11:23:25","slug":"labe-scurte-cu-calcai-inchis-pentru-antrenament-in-piscina-cima-pl-0788-marimea-33-35-8840","status":"publish","type":"product","link":"https:\/\/amaldis.md\/ro\/produs\/labe-scurte-cu-calcai-inchis-pentru-antrenament-in-piscina-cima-pl-0788-marimea-33-35-8840\/","title":{"rendered":"Labe scurte cu c\u0103lc\u00e2i \u00eenchis pentru antrenament \u00een piscin\u0103 CIMA PL-0788 m\u0103rimea 33-35 8840"},"content":{"rendered":"<h4>Labe scurte cu c\u0103lc\u00e2i \u00eenchis pentru antrenament \u00een piscin\u0103 CIMA PL-0788 m\u0103rimea 33-35 8840<\/h4>\n<p>Culoare: negru<\/p>\n","protected":false},"excerpt":{"rendered":"<h3>Labe scurte cu c\u0103lc\u00e2i \u00eenchis pentru antrenament \u00een piscin\u0103 CIMA PL-0788 m\u0103rimea 33-35 8840<\/h3>\n","protected":false},"featured_media":45728,"comment_status":"open","ping_status":"closed","template":"","meta":{"_et_pb_use_builder":"","_et_pb_old_content":"","_et_gb_content_width":""},"product_brand":[],"product_cat":[672],"product_tag":[970,971],"class_list":{"0":"post-45733","1":"product","2":"type-product","3":"status-publish","4":"has-post-thumbnail","6":"product_cat-inot","7":"product_tag-aripioare-de-inot","8":"product_tag-instruire-ro","10":"first","11":"instock","12":"shipping-taxable","13":"purchasable","14":"product-type-simple"},"aioseo_notices":[],"_links":{"self":[{"href":"https:\/\/amaldis.md\/ro\/wp-json\/wp\/v2\/product\/45733","targetHints":{"allow":["GET"]}}],"collection":[{"href":"https:\/\/amaldis.md\/ro\/wp-json\/wp\/v2\/product"}],"about":[{"href":"https:\/\/amaldis.md\/ro\/wp-json\/wp\/v2\/types\/product"}],"replies":[{"embeddable":true,"href":"https:\/\/amaldis.md\/ro\/wp-json\/wp\/v2\/comments?post=45733"}],"wp:featuredmedia":[{"embeddable":true,"href":"https:\/\/amaldis.md\/ro\/wp-json\/wp\/v2\/media\/45728"}],"wp:attachment":[{"href":"https:\/\/amaldis.md\/ro\/wp-json\/wp\/v2\/media?parent=45733"}],"wp:term":[{"taxonomy":"product_brand","embeddable":true,"href":"https:\/\/amaldis.md\/ro\/wp-json\/wp\/v2\/product_brand?post=45733"},{"taxonomy":"product_cat","embeddable":true,"href":"https:\/\/amaldis.md\/ro\/wp-json\/wp\/v2\/product_cat?post=45733"},{"taxonomy":"product_tag","embeddable":true,"href":"https:\/\/amaldis.md\/ro\/wp-json\/wp\/v2\/product_tag?post=45733"}],"curies":[{"name":"wp","href":"https:\/\/api.w.org\/{rel}","templated":true}]}}