{"id":45749,"date":"2025-12-10T14:54:56","date_gmt":"2025-12-10T11:54:56","guid":{"rendered":"https:\/\/amaldis.md\/product\/labe-de-inot-scurte-pentru-piscina-cu-calcai-inchis-cima-pl-6090-02-marimea-33-35-negru-rosu-5899\/"},"modified":"2025-12-10T14:54:56","modified_gmt":"2025-12-10T11:54:56","slug":"labe-de-inot-scurte-pentru-piscina-cu-calcai-inchis-cima-pl-6090-02-marimea-33-35-negru-rosu-5899","status":"publish","type":"product","link":"https:\/\/amaldis.md\/ro\/produs\/labe-de-inot-scurte-pentru-piscina-cu-calcai-inchis-cima-pl-6090-02-marimea-33-35-negru-rosu-5899\/","title":{"rendered":"Labe de \u00eenot scurte pentru piscin\u0103, cu c\u0103lc\u00e2i \u00eenchis, CIMA PL-6090-02, m\u0103rimea 33-35, negru-ro\u0219u 5899"},"content":{"rendered":"<h4>Labe de \u00eenot scurte pentru piscin\u0103, cu c\u0103lc\u00e2i \u00eenchis, CIMA PL-6090-02, m\u0103rimea 33-35, negru-ro\u0219u 5899<\/h4>\n","protected":false},"excerpt":{"rendered":"<h3>Labe de \u00eenot scurte pentru piscin\u0103, cu c\u0103lc\u00e2i \u00eenchis, CIMA PL-6090-02, m\u0103rimea 33-35, negru-ro\u0219u 5899<\/h3>\n","protected":false},"featured_media":45748,"comment_status":"open","ping_status":"closed","template":"","meta":{"_et_pb_use_builder":"","_et_pb_old_content":"","_et_gb_content_width":""},"product_brand":[],"product_cat":[672],"product_tag":[970,971],"class_list":{"0":"post-45749","1":"product","2":"type-product","3":"status-publish","4":"has-post-thumbnail","6":"product_cat-inot","7":"product_tag-aripioare-de-inot","8":"product_tag-instruire-ro","10":"first","11":"instock","12":"shipping-taxable","13":"purchasable","14":"product-type-simple"},"aioseo_notices":[],"_links":{"self":[{"href":"https:\/\/amaldis.md\/ro\/wp-json\/wp\/v2\/product\/45749","targetHints":{"allow":["GET"]}}],"collection":[{"href":"https:\/\/amaldis.md\/ro\/wp-json\/wp\/v2\/product"}],"about":[{"href":"https:\/\/amaldis.md\/ro\/wp-json\/wp\/v2\/types\/product"}],"replies":[{"embeddable":true,"href":"https:\/\/amaldis.md\/ro\/wp-json\/wp\/v2\/comments?post=45749"}],"wp:featuredmedia":[{"embeddable":true,"href":"https:\/\/amaldis.md\/ro\/wp-json\/wp\/v2\/media\/45748"}],"wp:attachment":[{"href":"https:\/\/amaldis.md\/ro\/wp-json\/wp\/v2\/media?parent=45749"}],"wp:term":[{"taxonomy":"product_brand","embeddable":true,"href":"https:\/\/amaldis.md\/ro\/wp-json\/wp\/v2\/product_brand?post=45749"},{"taxonomy":"product_cat","embeddable":true,"href":"https:\/\/amaldis.md\/ro\/wp-json\/wp\/v2\/product_cat?post=45749"},{"taxonomy":"product_tag","embeddable":true,"href":"https:\/\/amaldis.md\/ro\/wp-json\/wp\/v2\/product_tag?post=45749"}],"curies":[{"name":"wp","href":"https:\/\/api.w.org\/{rel}","templated":true}]}}