{"id":45799,"date":"2026-01-14T20:16:13","date_gmt":"2026-01-14T17:16:13","guid":{"rendered":"https:\/\/amaldis.md\/product\/costum-de-baie-dintr-o-singura-piesa-rivage-line\/"},"modified":"2026-01-14T20:16:13","modified_gmt":"2026-01-14T17:16:13","slug":"costum-de-baie-dintr-o-singura-piesa-rivage-line","status":"publish","type":"product","link":"https:\/\/amaldis.md\/ro\/produs\/costum-de-baie-dintr-o-singura-piesa-rivage-line\/","title":{"rendered":"Costum de baie dintr-o singur\u0103 pies\u0103 Rivage Line"},"content":{"rendered":"<h4>Costum de baie dintr-o singur\u0103 pies\u0103 Rivage Line<\/h4>\n<p>Model de costum de baie dintr-o singur\u0103 pies\u0103<br \/>\nDimensiunea produc\u0103torului 110-150<br \/>\nCompozi\u021bie: nailon, elastan<\/p>\n","protected":false},"excerpt":{"rendered":"<h3>Costum de baie dintr-o singur\u0103 pies\u0103 Rivage Line<\/h3>\n","protected":false},"featured_media":45798,"comment_status":"open","ping_status":"closed","template":"","meta":{"_et_pb_use_builder":"","_et_pb_old_content":"","_et_gb_content_width":""},"product_brand":[],"product_cat":[672],"product_tag":[1319,882],"class_list":{"0":"post-45799","1":"product","2":"type-product","3":"status-publish","4":"has-post-thumbnail","6":"product_cat-inot","7":"product_tag-costum-de-baie","8":"product_tag-inot","10":"first","11":"instock","12":"shipping-taxable","13":"purchasable","14":"product-type-simple"},"aioseo_notices":[],"_links":{"self":[{"href":"https:\/\/amaldis.md\/ro\/wp-json\/wp\/v2\/product\/45799","targetHints":{"allow":["GET"]}}],"collection":[{"href":"https:\/\/amaldis.md\/ro\/wp-json\/wp\/v2\/product"}],"about":[{"href":"https:\/\/amaldis.md\/ro\/wp-json\/wp\/v2\/types\/product"}],"replies":[{"embeddable":true,"href":"https:\/\/amaldis.md\/ro\/wp-json\/wp\/v2\/comments?post=45799"}],"wp:featuredmedia":[{"embeddable":true,"href":"https:\/\/amaldis.md\/ro\/wp-json\/wp\/v2\/media\/45798"}],"wp:attachment":[{"href":"https:\/\/amaldis.md\/ro\/wp-json\/wp\/v2\/media?parent=45799"}],"wp:term":[{"taxonomy":"product_brand","embeddable":true,"href":"https:\/\/amaldis.md\/ro\/wp-json\/wp\/v2\/product_brand?post=45799"},{"taxonomy":"product_cat","embeddable":true,"href":"https:\/\/amaldis.md\/ro\/wp-json\/wp\/v2\/product_cat?post=45799"},{"taxonomy":"product_tag","embeddable":true,"href":"https:\/\/amaldis.md\/ro\/wp-json\/wp\/v2\/product_tag?post=45799"}],"curies":[{"name":"wp","href":"https:\/\/api.w.org\/{rel}","templated":true}]}}