{"id":45809,"date":"2026-01-14T20:42:49","date_gmt":"2026-01-14T17:42:49","guid":{"rendered":"https:\/\/amaldis.md\/product\/costum-de-baie-negru-pentru-femei-nabaiji-kaipearl\/"},"modified":"2026-01-14T20:42:49","modified_gmt":"2026-01-14T17:42:49","slug":"costum-de-baie-negru-pentru-femei-nabaiji-kaipearl","status":"publish","type":"product","link":"https:\/\/amaldis.md\/ro\/produs\/costum-de-baie-negru-pentru-femei-nabaiji-kaipearl\/","title":{"rendered":"Costum de baie negru pentru femei Nabaiji Kaipearl"},"content":{"rendered":"<h4>Costum de baie negru pentru femei Nabaiji Kaipearl<\/h4>\n<p>Este rezistent la clor \u0219i potrivit pentru utilizare ocazional\u0103 (p\u00e2n\u0103 la aproximativ 100 de ore de \u00eenot). Materiale: poliamid\u0103 (80%, 91%), elastan (20%, 9%), tereftalat de polietilen\u0103 (100%). <\/p>\n","protected":false},"excerpt":{"rendered":"<h3>Costum de baie negru pentru femei Nabaiji Kaipearl<\/h3>\n","protected":false},"featured_media":45806,"comment_status":"open","ping_status":"closed","template":"","meta":{"_et_pb_use_builder":"","_et_pb_old_content":"","_et_gb_content_width":""},"product_brand":[],"product_cat":[672],"product_tag":[1319,882],"class_list":{"0":"post-45809","1":"product","2":"type-product","3":"status-publish","4":"has-post-thumbnail","6":"product_cat-inot","7":"product_tag-costum-de-baie","8":"product_tag-inot","10":"first","11":"instock","12":"shipping-taxable","13":"purchasable","14":"product-type-simple"},"aioseo_notices":[],"_links":{"self":[{"href":"https:\/\/amaldis.md\/ro\/wp-json\/wp\/v2\/product\/45809","targetHints":{"allow":["GET"]}}],"collection":[{"href":"https:\/\/amaldis.md\/ro\/wp-json\/wp\/v2\/product"}],"about":[{"href":"https:\/\/amaldis.md\/ro\/wp-json\/wp\/v2\/types\/product"}],"replies":[{"embeddable":true,"href":"https:\/\/amaldis.md\/ro\/wp-json\/wp\/v2\/comments?post=45809"}],"wp:featuredmedia":[{"embeddable":true,"href":"https:\/\/amaldis.md\/ro\/wp-json\/wp\/v2\/media\/45806"}],"wp:attachment":[{"href":"https:\/\/amaldis.md\/ro\/wp-json\/wp\/v2\/media?parent=45809"}],"wp:term":[{"taxonomy":"product_brand","embeddable":true,"href":"https:\/\/amaldis.md\/ro\/wp-json\/wp\/v2\/product_brand?post=45809"},{"taxonomy":"product_cat","embeddable":true,"href":"https:\/\/amaldis.md\/ro\/wp-json\/wp\/v2\/product_cat?post=45809"},{"taxonomy":"product_tag","embeddable":true,"href":"https:\/\/amaldis.md\/ro\/wp-json\/wp\/v2\/product_tag?post=45809"}],"curies":[{"name":"wp","href":"https:\/\/api.w.org\/{rel}","templated":true}]}}