{"id":45836,"date":"2026-02-19T12:15:00","date_gmt":"2026-02-19T09:15:00","guid":{"rendered":"https:\/\/amaldis.md\/product\/zelart-bo-5135-s-9546-gutiera-de-box-pentru-copii-cu-o-singura-falca\/"},"modified":"2026-02-19T12:15:00","modified_gmt":"2026-02-19T09:15:00","slug":"zelart-bo-5135-s-9546-gutiera-de-box-pentru-copii-cu-o-singura-falca","status":"publish","type":"product","link":"https:\/\/amaldis.md\/ro\/produs\/zelart-bo-5135-s-9546-gutiera-de-box-pentru-copii-cu-o-singura-falca\/","title":{"rendered":"Zelart BO-5135-S 9546 Gutier\u0103 de box pentru copii cu o singur\u0103 falc\u0103"},"content":{"rendered":"<h4>Zelart BO-5135-S 9546 Gutier\u0103 de box pentru copii cu o singur\u0103 falc\u0103<\/h4>\n<div class=\"specification__item\">Tip de gutier\u0103<br \/>\nTip: Cu o singur\u0103 mandibul\u0103<br \/>\nInclus: Gutier\u0103 de box: 1 bucat\u0103 \/ Cutie: 1 bucat\u0103<\/div>\n","protected":false},"excerpt":{"rendered":"<h3>Zelart BO-5135-S 9546 Gutier\u0103 de box pentru copii cu o singur\u0103 falc\u0103<\/h3>\n","protected":false},"featured_media":45831,"comment_status":"open","ping_status":"closed","template":"","meta":{"_et_pb_use_builder":"","_et_pb_old_content":"","_et_gb_content_width":""},"product_brand":[],"product_cat":[656],"product_tag":[874,851,875,1325],"class_list":{"0":"post-45836","1":"product","2":"type-product","3":"status-publish","4":"has-post-thumbnail","6":"product_cat-box","7":"product_tag-aparatorie-pentru-gura","8":"product_tag-box","9":"product_tag-karate-ro","10":"product_tag-pentru-copii-ro-2","12":"first","13":"instock","14":"shipping-taxable","15":"purchasable","16":"product-type-simple"},"aioseo_notices":[],"_links":{"self":[{"href":"https:\/\/amaldis.md\/ro\/wp-json\/wp\/v2\/product\/45836","targetHints":{"allow":["GET"]}}],"collection":[{"href":"https:\/\/amaldis.md\/ro\/wp-json\/wp\/v2\/product"}],"about":[{"href":"https:\/\/amaldis.md\/ro\/wp-json\/wp\/v2\/types\/product"}],"replies":[{"embeddable":true,"href":"https:\/\/amaldis.md\/ro\/wp-json\/wp\/v2\/comments?post=45836"}],"wp:featuredmedia":[{"embeddable":true,"href":"https:\/\/amaldis.md\/ro\/wp-json\/wp\/v2\/media\/45831"}],"wp:attachment":[{"href":"https:\/\/amaldis.md\/ro\/wp-json\/wp\/v2\/media?parent=45836"}],"wp:term":[{"taxonomy":"product_brand","embeddable":true,"href":"https:\/\/amaldis.md\/ro\/wp-json\/wp\/v2\/product_brand?post=45836"},{"taxonomy":"product_cat","embeddable":true,"href":"https:\/\/amaldis.md\/ro\/wp-json\/wp\/v2\/product_cat?post=45836"},{"taxonomy":"product_tag","embeddable":true,"href":"https:\/\/amaldis.md\/ro\/wp-json\/wp\/v2\/product_tag?post=45836"}],"curies":[{"name":"wp","href":"https:\/\/api.w.org\/{rel}","templated":true}]}}