{"id":45843,"date":"2026-02-19T12:47:25","date_gmt":"2026-02-19T09:47:25","guid":{"rendered":"https:\/\/amaldis.md\/product\/l-glutamine-9532\/"},"modified":"2026-02-19T12:47:25","modified_gmt":"2026-02-19T09:47:25","slug":"l-glutamine-9532","status":"publish","type":"product","link":"https:\/\/amaldis.md\/ro\/produs\/l-glutamine-9532\/","title":{"rendered":"L-Glutamine 9532"},"content":{"rendered":"<h4>L-Glutamine 9532<\/h4>\n<div class=\"woocommerce-tabs wc-tabs-wrapper\">\n<div id=\"tab-description\" class=\"woocommerce-Tabs-panel woocommerce-Tabs-panel--description panel entry-content wc-tab red\" role=\"tabpanel\" aria-labelledby=\"tab-title-description\">\n<div class=\"tab-accord-body\"><\/div>\n<\/div>\n<\/div>\n<div class=\"ingredients\">\n<div class=\"ingredients-elem\">\n<div class=\"ingredients-elem-main\">\n<div class=\"ingredients-table\">\n<div class=\"ingredients-table--row _flex-btwn\">\n<div class=\"ingredients-table--title\">Con\u021bine L-Glutamin\u0103 marca KYOWA\u00ae, cu puritate \u0219i calitate farmaceutic\u0103, 100% pe baz\u0103 de plante;<br \/>\nPudra de solu\u021bie oral\u0103 de L-Glutamin\u0103 se absoarbe u\u0219or \u0219i nu creeaz\u0103 dependen\u021b\u0103;<br \/>\nFiecare por\u021bie de 5 g ofer\u0103 un suport esen\u021bial pentru o recuperare muscular\u0103 mai eficient\u0103, o s\u0103n\u0103tate digestiv\u0103 \u0219i o s\u0103n\u0103tate imunitar\u0103 mai bun\u0103;<br \/>\nInodor \u0219i u\u0219or de consumat;<br \/>\n500 g de produs ambalat \u00eentr-o pung\u0103 de plastic convenabil\u0103 (HDPE) cu fermoar \u0219i dozator pentru a asigura o aprovizionare de lung\u0103 durat\u0103.<\/div>\n<div>L-Glutamin\u0103<br \/>\n5 g<br \/>\n* 1 por\u021bie zilnic<\/div>\n<\/div>\n<\/div>\n<\/div>\n<\/div>\n<\/div>\n","protected":false},"excerpt":{"rendered":"<h3>L-Glutamine 9532<\/h3>\n<p>&nbsp;<\/p>\n","protected":false},"featured_media":45842,"comment_status":"open","ping_status":"closed","template":"","meta":{"_et_pb_use_builder":"","_et_pb_old_content":"","_et_gb_content_width":""},"product_brand":[1326],"product_cat":[675],"product_tag":[1329,1330],"class_list":{"0":"post-45843","1":"product","2":"type-product","3":"status-publish","4":"has-post-thumbnail","6":"product_brand-balkan-pharmaceuticals","7":"product_cat-nutritie-sportiva","8":"product_tag-alimentatie-sportiva","9":"product_tag-l-glutamine-ro","11":"first","12":"instock","13":"shipping-taxable","14":"purchasable","15":"product-type-simple"},"aioseo_notices":[],"_links":{"self":[{"href":"https:\/\/amaldis.md\/ro\/wp-json\/wp\/v2\/product\/45843","targetHints":{"allow":["GET"]}}],"collection":[{"href":"https:\/\/amaldis.md\/ro\/wp-json\/wp\/v2\/product"}],"about":[{"href":"https:\/\/amaldis.md\/ro\/wp-json\/wp\/v2\/types\/product"}],"replies":[{"embeddable":true,"href":"https:\/\/amaldis.md\/ro\/wp-json\/wp\/v2\/comments?post=45843"}],"wp:featuredmedia":[{"embeddable":true,"href":"https:\/\/amaldis.md\/ro\/wp-json\/wp\/v2\/media\/45842"}],"wp:attachment":[{"href":"https:\/\/amaldis.md\/ro\/wp-json\/wp\/v2\/media?parent=45843"}],"wp:term":[{"taxonomy":"product_brand","embeddable":true,"href":"https:\/\/amaldis.md\/ro\/wp-json\/wp\/v2\/product_brand?post=45843"},{"taxonomy":"product_cat","embeddable":true,"href":"https:\/\/amaldis.md\/ro\/wp-json\/wp\/v2\/product_cat?post=45843"},{"taxonomy":"product_tag","embeddable":true,"href":"https:\/\/amaldis.md\/ro\/wp-json\/wp\/v2\/product_tag?post=45843"}],"curies":[{"name":"wp","href":"https:\/\/api.w.org\/{rel}","templated":true}]}}