{"id":45881,"date":"2026-02-21T14:35:36","date_gmt":"2026-02-21T11:35:36","guid":{"rendered":"https:\/\/amaldis.md\/product\/gantere-pliabile-cu-haltera-set-20-kg-2-buc-10-kg-fiecare-6189\/"},"modified":"2026-02-21T14:44:28","modified_gmt":"2026-02-21T11:44:28","slug":"gantere-pliabile-cu-haltera-set-20-kg-2-buc-10-kg-fiecare-6189","status":"publish","type":"product","link":"https:\/\/amaldis.md\/ro\/produs\/gantere-pliabile-cu-haltera-set-20-kg-2-buc-10-kg-fiecare-6189\/","title":{"rendered":"Gantere pliabile cu halter\u0103, set 20 kg, 2 buc. 10 kg fiecare 6189"},"content":{"rendered":"<h4>Gantere pliabile cu halter\u0103, set 20 kg, 2 buc. 10 kg fiecare 6189<\/h4>\n<p>O op\u021biune universal\u0103 pentru antrenamentele de acas\u0103.<\/p>\n<p>Cu ajutorul unei bare suplimentare, ganterele sunt transformate \u00eentr-o halter\u0103.<\/p>\n<p>Pre\u021bul este pentru 2 buc\u0103\u021bi.<\/p>\n<p>Grup\u0103 de v\u00e2rst\u0103 12+<\/p>\n<p>Greutate: 20 kg<\/p>\n<p>Categorii: Sport, Echipamente de antrenament pentru for\u021b\u0103<\/p>\n<p>&nbsp;<\/p>\n<p>&nbsp;<\/p>\n<p>&nbsp;<\/p>\n","protected":false},"excerpt":{"rendered":"<h3>Gantere pliabile cu halter\u0103, set 20 kg, 2 buc. 10 kg fiecare 6189<\/h3>\n","protected":false},"featured_media":45878,"comment_status":"open","ping_status":"closed","template":"","meta":{"_et_pb_use_builder":"","_et_pb_old_content":"","_et_gb_content_width":""},"product_brand":[],"product_cat":[680],"product_tag":[846,1333,1339,849,1323,893,1335],"class_list":{"0":"post-45881","1":"product","2":"type-product","3":"status-publish","4":"has-post-thumbnail","6":"product_cat-tyazhelaya-atletika","7":"product_tag-gantere-ro","8":"product_tag-greutate","9":"product_tag-kg-ro","10":"product_tag-mreana-ro","11":"product_tag-sala","12":"product_tag-sanatate","13":"product_tag-sport-ro","15":"first","16":"outofstock","17":"shipping-taxable","18":"purchasable","19":"product-type-simple"},"aioseo_notices":[],"_links":{"self":[{"href":"https:\/\/amaldis.md\/ro\/wp-json\/wp\/v2\/product\/45881","targetHints":{"allow":["GET"]}}],"collection":[{"href":"https:\/\/amaldis.md\/ro\/wp-json\/wp\/v2\/product"}],"about":[{"href":"https:\/\/amaldis.md\/ro\/wp-json\/wp\/v2\/types\/product"}],"replies":[{"embeddable":true,"href":"https:\/\/amaldis.md\/ro\/wp-json\/wp\/v2\/comments?post=45881"}],"wp:featuredmedia":[{"embeddable":true,"href":"https:\/\/amaldis.md\/ro\/wp-json\/wp\/v2\/media\/45878"}],"wp:attachment":[{"href":"https:\/\/amaldis.md\/ro\/wp-json\/wp\/v2\/media?parent=45881"}],"wp:term":[{"taxonomy":"product_brand","embeddable":true,"href":"https:\/\/amaldis.md\/ro\/wp-json\/wp\/v2\/product_brand?post=45881"},{"taxonomy":"product_cat","embeddable":true,"href":"https:\/\/amaldis.md\/ro\/wp-json\/wp\/v2\/product_cat?post=45881"},{"taxonomy":"product_tag","embeddable":true,"href":"https:\/\/amaldis.md\/ro\/wp-json\/wp\/v2\/product_tag?post=45881"}],"curies":[{"name":"wp","href":"https:\/\/api.w.org\/{rel}","templated":true}]}}