{"id":45891,"date":"2026-02-21T15:28:40","date_gmt":"2026-02-21T12:28:40","guid":{"rendered":"https:\/\/amaldis.md\/product\/gantere-reglabile-m-25-kg-2-buc-a-cate-12-5-kg-pereche-8368\/"},"modified":"2026-02-21T15:28:40","modified_gmt":"2026-02-21T12:28:40","slug":"gantere-reglabile-m-25-kg-2-buc-a-cate-12-5-kg-pereche-8368","status":"publish","type":"product","link":"https:\/\/amaldis.md\/ro\/produs\/gantere-reglabile-m-25-kg-2-buc-a-cate-12-5-kg-pereche-8368\/","title":{"rendered":"Gantere reglabile M 25 kg (2 buc. a c\u00e2te 12,5 kg) PERECHE 8368"},"content":{"rendered":"<h4>Gantere reglabile M 25 kg (2 buc. a c\u00e2te 12,5 kg) PERECHE 8368<\/h4>\n<p>Acest set este format din 2 gantere a c\u00e2te 12,5 kg fiecare.<\/p>\n<p>Greutate: 25 kg<\/p>\n<p>Grup\u0103 de v\u00e2rst\u0103: 12+<\/p>\n","protected":false},"excerpt":{"rendered":"<h3>Gantere reglabile M 25 kg (2 buc. a c\u00e2te 12,5 kg) PERECHE 8368<\/h3>\n","protected":false},"featured_media":45886,"comment_status":"open","ping_status":"closed","template":"","meta":{"_et_pb_use_builder":"","_et_pb_old_content":"","_et_gb_content_width":""},"product_brand":[],"product_cat":[680],"product_tag":[846,1333,1339,1338,1335],"class_list":{"0":"post-45891","1":"product","2":"type-product","3":"status-publish","4":"has-post-thumbnail","6":"product_cat-tyazhelaya-atletika","7":"product_tag-gantere-ro","8":"product_tag-greutate","9":"product_tag-kg-ro","10":"product_tag-sala-de-gimnastica","11":"product_tag-sport-ro","13":"first","14":"instock","15":"shipping-taxable","16":"purchasable","17":"product-type-simple"},"aioseo_notices":[],"_links":{"self":[{"href":"https:\/\/amaldis.md\/ro\/wp-json\/wp\/v2\/product\/45891","targetHints":{"allow":["GET"]}}],"collection":[{"href":"https:\/\/amaldis.md\/ro\/wp-json\/wp\/v2\/product"}],"about":[{"href":"https:\/\/amaldis.md\/ro\/wp-json\/wp\/v2\/types\/product"}],"replies":[{"embeddable":true,"href":"https:\/\/amaldis.md\/ro\/wp-json\/wp\/v2\/comments?post=45891"}],"wp:featuredmedia":[{"embeddable":true,"href":"https:\/\/amaldis.md\/ro\/wp-json\/wp\/v2\/media\/45886"}],"wp:attachment":[{"href":"https:\/\/amaldis.md\/ro\/wp-json\/wp\/v2\/media?parent=45891"}],"wp:term":[{"taxonomy":"product_brand","embeddable":true,"href":"https:\/\/amaldis.md\/ro\/wp-json\/wp\/v2\/product_brand?post=45891"},{"taxonomy":"product_cat","embeddable":true,"href":"https:\/\/amaldis.md\/ro\/wp-json\/wp\/v2\/product_cat?post=45891"},{"taxonomy":"product_tag","embeddable":true,"href":"https:\/\/amaldis.md\/ro\/wp-json\/wp\/v2\/product_tag?post=45891"}],"curies":[{"name":"wp","href":"https:\/\/api.w.org\/{rel}","templated":true}]}}