{"id":45964,"date":"2026-02-24T17:32:49","date_gmt":"2026-02-24T14:32:49","guid":{"rendered":"https:\/\/amaldis.md\/product\/casca-de-box-pvc-inchisa-m-budosport-4312\/"},"modified":"2026-02-24T17:32:49","modified_gmt":"2026-02-24T14:32:49","slug":"casca-de-box-pvc-inchisa-m-budosport-4312","status":"publish","type":"product","link":"https:\/\/amaldis.md\/ro\/produs\/casca-de-box-pvc-inchisa-m-budosport-4312\/","title":{"rendered":"Casc\u0103 de box PVC \u00eenchis\u0103 &#8211; M BUDOSPORT 4312"},"content":{"rendered":"<h4>Casc\u0103 de box PVC \u00eenchis\u0103 &#8211; M BUDOSPORT 4312<\/h4>\n<h4><strong>V\u0103 rug\u0103m s\u0103 verifica\u021bi cu v\u00e2nz\u0103torul culorile disponibile.<\/strong><\/h4>\n<p>Aceast\u0103 casc\u0103 de antrenament are o parte superioar\u0103 \u00eenchis\u0103 \u0219i o b\u0103rbie deschis\u0103, asigur\u00e2nd o potrivire confortabil\u0103 \u0219i o vizibilitate excelent\u0103 \u00een timpul antrenamentului. Este fabricat\u0103 cu accesorii durabile \u0219i de \u00eenalt\u0103 calitate. <\/p>\n<p>&nbsp;<\/p>\n","protected":false},"excerpt":{"rendered":"<h3>Casc\u0103 de box PVC \u00eenchis\u0103 &#8211; M BUDOSPORT 4312<\/h3>\n","protected":false},"featured_media":45950,"comment_status":"open","ping_status":"closed","template":"","meta":{"_et_pb_use_builder":"","_et_pb_old_content":"","_et_gb_content_width":""},"product_brand":[1350],"product_cat":[665,663,656],"product_tag":[851,1353,963,822,1323,1354,1335],"class_list":{"0":"post-45964","1":"product","2":"type-product","3":"status-publish","4":"has-post-thumbnail","6":"product_brand-budo-sport","7":"product_cat-aparari","8":"product_cat-arte-martiale","9":"product_cat-box","10":"product_tag-box","11":"product_tag-inel-ro","12":"product_tag-kickboxing","13":"product_tag-protectie","14":"product_tag-sala","15":"product_tag-sparring","16":"product_tag-sport-ro","18":"first","19":"instock","20":"shipping-taxable","21":"purchasable","22":"product-type-simple"},"aioseo_notices":[],"_links":{"self":[{"href":"https:\/\/amaldis.md\/ro\/wp-json\/wp\/v2\/product\/45964","targetHints":{"allow":["GET"]}}],"collection":[{"href":"https:\/\/amaldis.md\/ro\/wp-json\/wp\/v2\/product"}],"about":[{"href":"https:\/\/amaldis.md\/ro\/wp-json\/wp\/v2\/types\/product"}],"replies":[{"embeddable":true,"href":"https:\/\/amaldis.md\/ro\/wp-json\/wp\/v2\/comments?post=45964"}],"wp:featuredmedia":[{"embeddable":true,"href":"https:\/\/amaldis.md\/ro\/wp-json\/wp\/v2\/media\/45950"}],"wp:attachment":[{"href":"https:\/\/amaldis.md\/ro\/wp-json\/wp\/v2\/media?parent=45964"}],"wp:term":[{"taxonomy":"product_brand","embeddable":true,"href":"https:\/\/amaldis.md\/ro\/wp-json\/wp\/v2\/product_brand?post=45964"},{"taxonomy":"product_cat","embeddable":true,"href":"https:\/\/amaldis.md\/ro\/wp-json\/wp\/v2\/product_cat?post=45964"},{"taxonomy":"product_tag","embeddable":true,"href":"https:\/\/amaldis.md\/ro\/wp-json\/wp\/v2\/product_tag?post=45964"}],"curies":[{"name":"wp","href":"https:\/\/api.w.org\/{rel}","templated":true}]}}