{"id":45980,"date":"2026-02-25T14:57:03","date_gmt":"2026-02-25T11:57:03","guid":{"rendered":"https:\/\/amaldis.md\/product\/casca-de-box-budo-sport-6142-cu-spuma-poliuretanica-inchisa\/"},"modified":"2026-02-25T14:57:03","modified_gmt":"2026-02-25T11:57:03","slug":"casca-de-box-budo-sport-6142-cu-spuma-poliuretanica-inchisa","status":"publish","type":"product","link":"https:\/\/amaldis.md\/ro\/produs\/casca-de-box-budo-sport-6142-cu-spuma-poliuretanica-inchisa\/","title":{"rendered":"Casc\u0103 de box BUDO SPORT 6142 cu spum\u0103 poliuretanic\u0103 \u00eenchis\u0103"},"content":{"rendered":"<h4>Casc\u0103 de box BUDO SPORT 6142 cu spum\u0103 poliuretanic\u0103 \u00eenchis\u0103<\/h4>\n<p>O casc\u0103 de antrenament modern\u0103, cu un sistem de fixare convenabil \u0219i o potrivire confortabil\u0103.<br \/>\nM\u0103rime universal\u0103.<br \/>\nFabricat din materiale de calitate.<br \/>\nUmplutur\u0103: spum\u0103 poliuretanic\u0103 multistrat pentru protec\u021bie fiabil\u0103 \u0219i absorb\u021bie a \u0219ocurilor.<\/p>\n","protected":false},"excerpt":{"rendered":"<h3>Casc\u0103 de box BUDO SPORT 6142 cu spum\u0103 poliuretanic\u0103 \u00eenchis\u0103<\/h3>\n","protected":false},"featured_media":45977,"comment_status":"open","ping_status":"closed","template":"","meta":{"_et_pb_use_builder":"","_et_pb_old_content":"","_et_gb_content_width":""},"product_brand":[1350],"product_cat":[665,663,656],"product_tag":[851,1301,1356,963,1348,822,1354,1335],"class_list":{"0":"post-45980","1":"product","2":"type-product","3":"status-publish","4":"has-post-thumbnail","6":"product_brand-budo-sport","7":"product_cat-aparari","8":"product_cat-arte-martiale","9":"product_cat-box","10":"product_tag-box","11":"product_tag-casca","12":"product_tag-casca-ro","13":"product_tag-kickboxing","14":"product_tag-lupta-ro","15":"product_tag-protectie","16":"product_tag-sparring","17":"product_tag-sport-ro","19":"first","20":"instock","21":"shipping-taxable","22":"purchasable","23":"product-type-simple"},"aioseo_notices":[],"_links":{"self":[{"href":"https:\/\/amaldis.md\/ro\/wp-json\/wp\/v2\/product\/45980","targetHints":{"allow":["GET"]}}],"collection":[{"href":"https:\/\/amaldis.md\/ro\/wp-json\/wp\/v2\/product"}],"about":[{"href":"https:\/\/amaldis.md\/ro\/wp-json\/wp\/v2\/types\/product"}],"replies":[{"embeddable":true,"href":"https:\/\/amaldis.md\/ro\/wp-json\/wp\/v2\/comments?post=45980"}],"wp:featuredmedia":[{"embeddable":true,"href":"https:\/\/amaldis.md\/ro\/wp-json\/wp\/v2\/media\/45977"}],"wp:attachment":[{"href":"https:\/\/amaldis.md\/ro\/wp-json\/wp\/v2\/media?parent=45980"}],"wp:term":[{"taxonomy":"product_brand","embeddable":true,"href":"https:\/\/amaldis.md\/ro\/wp-json\/wp\/v2\/product_brand?post=45980"},{"taxonomy":"product_cat","embeddable":true,"href":"https:\/\/amaldis.md\/ro\/wp-json\/wp\/v2\/product_cat?post=45980"},{"taxonomy":"product_tag","embeddable":true,"href":"https:\/\/amaldis.md\/ro\/wp-json\/wp\/v2\/product_tag?post=45980"}],"curies":[{"name":"wp","href":"https:\/\/api.w.org\/{rel}","templated":true}]}}