{"id":46016,"date":"2026-02-26T13:06:11","date_gmt":"2026-02-26T10:06:11","guid":{"rendered":"https:\/\/amaldis.md\/product\/casca-de-box-deschisa-cu-protectie-coroana-intarita-s-pu-zelart-5102\/"},"modified":"2026-04-02T09:59:49","modified_gmt":"2026-04-02T06:59:49","slug":"casca-de-box-deschisa-cu-protectie-coroana-intarita-s-pu-zelart-5102","status":"publish","type":"product","link":"https:\/\/amaldis.md\/ro\/produs\/casca-de-box-deschisa-cu-protectie-coroana-intarita-s-pu-zelart-5102\/","title":{"rendered":"Casc\u0103 de box deschis\u0103 cu protec\u021bie coroan\u0103 \u00eent\u0103rit\u0103 S PU ZELART 5102"},"content":{"rendered":"<h4>Casc\u0103 de box deschis\u0103 cu protec\u021bie coroan\u0103 \u00eent\u0103rit\u0103 S PU ZELART 5102<\/h4>\n<p>Avantaje: Potrivit pentru utilizatori de diferite grupe de v\u00e2rst\u0103 \u0219i sexe.<br \/>\nPoate fi folosit \u00een timpul competi\u021biilor \u0219i antrenamentelor de sparring.<br \/>\nAre protec\u021bie sporit\u0103 a coroanei.<\/p>\n<div class=\"specification__item\">Grup\u0103 de v\u00e2rst\u0103: Copii<br \/>\nProtec\u021bie: Protec\u021bie pentru urechi, Absorb\u021bie \u00eembun\u0103t\u0103\u021bit\u0103 a \u0219ocurilor<br \/>\nScop: Protejeaz\u0103 capul de accident\u0103ri \u0219i impacturi \u00een timpul antrenamentului \u0219i competi\u021biei<br \/>\nMaterial: Poliuretan (PU)<\/div>\n","protected":false},"excerpt":{"rendered":"<h3>Casc\u0103 de box deschis\u0103 cu protec\u021bie coroan\u0103 \u00eent\u0103rit\u0103 S PU ZELART 5102<\/h3>\n<p>&nbsp;<\/p>\n","protected":false},"featured_media":46015,"comment_status":"open","ping_status":"closed","template":"","meta":{"_et_pb_use_builder":"on","_et_pb_old_content":"<h4>Casc\u0103 de box deschis\u0103 cu protec\u021bie coroan\u0103 \u00eent\u0103rit\u0103 S PU ZELART 5102<\/h4>\nAvantaje: Potrivit pentru utilizatori de diferite grupe de v\u00e2rst\u0103 \u0219i sexe.\nPoate fi folosit \u00een timpul competi\u021biilor \u0219i antrenamentelor de sparring.\nAre protec\u021bie sporit\u0103 a coroanei.\n<div class=\"specification__item\">Grup\u0103 de v\u00e2rst\u0103: Copii\nProtec\u021bie: Protec\u021bie pentru urechi, Absorb\u021bie \u00eembun\u0103t\u0103\u021bit\u0103 a \u0219ocurilor\nScop: Protejeaz\u0103 capul de accident\u0103ri \u0219i impacturi \u00een timpul antrenamentului \u0219i competi\u021biei\nMaterial: Poliuretan (PU)<\/div>","_et_gb_content_width":""},"product_brand":[],"product_cat":[1359,663,656],"product_tag":[851,1353,875,963,1348,1082,1354,1335],"class_list":{"0":"post-46016","1":"product","2":"type-product","3":"status-publish","4":"has-post-thumbnail","6":"product_cat-karate-ro","7":"product_cat-arte-martiale","8":"product_cat-box","9":"product_tag-box","10":"product_tag-inel-ro","11":"product_tag-karate-ro","12":"product_tag-kickboxing","13":"product_tag-lupta-ro","14":"product_tag-lupta-corp-la-corp","15":"product_tag-sparring","16":"product_tag-sport-ro","18":"first","19":"outofstock","20":"shipping-taxable","21":"purchasable","22":"product-type-simple"},"aioseo_notices":[],"_links":{"self":[{"href":"https:\/\/amaldis.md\/ro\/wp-json\/wp\/v2\/product\/46016","targetHints":{"allow":["GET"]}}],"collection":[{"href":"https:\/\/amaldis.md\/ro\/wp-json\/wp\/v2\/product"}],"about":[{"href":"https:\/\/amaldis.md\/ro\/wp-json\/wp\/v2\/types\/product"}],"replies":[{"embeddable":true,"href":"https:\/\/amaldis.md\/ro\/wp-json\/wp\/v2\/comments?post=46016"}],"wp:featuredmedia":[{"embeddable":true,"href":"https:\/\/amaldis.md\/ro\/wp-json\/wp\/v2\/media\/46015"}],"wp:attachment":[{"href":"https:\/\/amaldis.md\/ro\/wp-json\/wp\/v2\/media?parent=46016"}],"wp:term":[{"taxonomy":"product_brand","embeddable":true,"href":"https:\/\/amaldis.md\/ro\/wp-json\/wp\/v2\/product_brand?post=46016"},{"taxonomy":"product_cat","embeddable":true,"href":"https:\/\/amaldis.md\/ro\/wp-json\/wp\/v2\/product_cat?post=46016"},{"taxonomy":"product_tag","embeddable":true,"href":"https:\/\/amaldis.md\/ro\/wp-json\/wp\/v2\/product_tag?post=46016"}],"curies":[{"name":"wp","href":"https:\/\/api.w.org\/{rel}","templated":true}]}}