{"id":46033,"date":"2026-02-26T17:10:10","date_gmt":"2026-02-26T14:10:10","guid":{"rendered":"https:\/\/amaldis.md\/product\/laba-mica-de-antrenament-de-box-piele-fartex-17x20x7cm-2-buc-8981\/"},"modified":"2026-02-26T17:10:10","modified_gmt":"2026-02-26T14:10:10","slug":"laba-mica-de-antrenament-de-box-piele-fartex-17x20x7cm-2-buc-8981","status":"publish","type":"product","link":"https:\/\/amaldis.md\/ro\/produs\/laba-mica-de-antrenament-de-box-piele-fartex-17x20x7cm-2-buc-8981\/","title":{"rendered":"Lab\u0103 mic\u0103 de antrenament de box. Piele Fartex (17x20x7cm), 2 buc.  8981"},"content":{"rendered":"<h4>Lab\u0103 mic\u0103 de antrenament de box. Piele Fartex (17x20x7cm), 2 buc.  8981<\/h4>\n<div class=\"specification__item\">Tip: L\u0103bu\u021be mini<\/div>\n<div class=\"specification__item\">Continut: 2 buc.<\/div>\n<div>\n<div class=\"specification__item\">M\u0103rime: M\u0103rime universal\u0103 pentru toate m\u0103nu\u0219ile<\/div>\n<div class=\"specification__item\">Dimensiuni: (L x l x \u00ce) 17 x 20 x 7 cm<\/div>\n<div class=\"specification__item\">Material piele<\/div>\n<div class=\"specification__item\">Material: Umplutur\u0103 din spum\u0103 de \u00eenalt\u0103 tehnologie pentru absorb\u021bia \u0219ocurilor<\/div>\n<\/div>\n<div><\/div>\n<div class=\"specification__item\"><\/div>\n<div class=\"specification__item\"><\/div>\n<p>&nbsp;<\/p>\n","protected":false},"excerpt":{"rendered":"<h3>Lab\u0103 mic\u0103 de antrenament de box. Piele Fartex (17x20x7cm), 2 buc.  8981<\/h3>\n","protected":false},"featured_media":46032,"comment_status":"open","ping_status":"closed","template":"","meta":{"_et_pb_use_builder":"","_et_pb_old_content":"","_et_gb_content_width":""},"product_brand":[],"product_cat":[1359,663,656],"product_tag":[851,875,963,1348,1323,1354,1335],"class_list":{"0":"post-46033","1":"product","2":"type-product","3":"status-publish","4":"has-post-thumbnail","6":"product_cat-karate-ro","7":"product_cat-arte-martiale","8":"product_cat-box","9":"product_tag-box","10":"product_tag-karate-ro","11":"product_tag-kickboxing","12":"product_tag-lupta-ro","13":"product_tag-sala","14":"product_tag-sparring","15":"product_tag-sport-ro","17":"first","18":"instock","19":"shipping-taxable","20":"purchasable","21":"product-type-simple"},"aioseo_notices":[],"_links":{"self":[{"href":"https:\/\/amaldis.md\/ro\/wp-json\/wp\/v2\/product\/46033","targetHints":{"allow":["GET"]}}],"collection":[{"href":"https:\/\/amaldis.md\/ro\/wp-json\/wp\/v2\/product"}],"about":[{"href":"https:\/\/amaldis.md\/ro\/wp-json\/wp\/v2\/types\/product"}],"replies":[{"embeddable":true,"href":"https:\/\/amaldis.md\/ro\/wp-json\/wp\/v2\/comments?post=46033"}],"wp:featuredmedia":[{"embeddable":true,"href":"https:\/\/amaldis.md\/ro\/wp-json\/wp\/v2\/media\/46032"}],"wp:attachment":[{"href":"https:\/\/amaldis.md\/ro\/wp-json\/wp\/v2\/media?parent=46033"}],"wp:term":[{"taxonomy":"product_brand","embeddable":true,"href":"https:\/\/amaldis.md\/ro\/wp-json\/wp\/v2\/product_brand?post=46033"},{"taxonomy":"product_cat","embeddable":true,"href":"https:\/\/amaldis.md\/ro\/wp-json\/wp\/v2\/product_cat?post=46033"},{"taxonomy":"product_tag","embeddable":true,"href":"https:\/\/amaldis.md\/ro\/wp-json\/wp\/v2\/product_tag?post=46033"}],"curies":[{"name":"wp","href":"https:\/\/api.w.org\/{rel}","templated":true}]}}