{"id":46047,"date":"2026-02-26T17:32:51","date_gmt":"2026-02-26T14:32:51","guid":{"rendered":"https:\/\/amaldis.md\/product\/laba-de-box-din-piele-zelart-25x18x5cm-2-buc-8982\/"},"modified":"2026-02-26T17:32:51","modified_gmt":"2026-02-26T14:32:51","slug":"laba-de-box-din-piele-zelart-25x18x5cm-2-buc-8982","status":"publish","type":"product","link":"https:\/\/amaldis.md\/ro\/produs\/laba-de-box-din-piele-zelart-25x18x5cm-2-buc-8982\/","title":{"rendered":"Lab\u0103 de box din piele ZELART (25x18x5cm) 2 buc 8982"},"content":{"rendered":"<h4>Lab\u0103 de box din piele ZELART (25x18x5cm) 2 buc 8982<\/h4>\n<p>Continut: 2 buc.<\/p>\n<p><span style=\"color: #666666; font-size: 14px;\">Dimensiune: Curea reglabil\u0103 pentru a se potrivi oric\u0103rei dimensiuni de m\u00e2n\u0103<\/span><\/p>\n<p>\u00cenchidere: Velcro<\/p>\n<p>Dimensiuni: (Lxlx\u00ce) 25x18x5cm<\/p>\n<p>Material piele<\/p>\n<p>Material de umplutur\u0103: Umplutur\u0103 din spum\u0103 de \u00eenalt\u0103 tehnologie pentru absorb\u021bia \u0219ocurilor<\/p>\n<p>&nbsp;<\/p>\n<p>&nbsp;<\/p>\n","protected":false},"excerpt":{"rendered":"<h3>Lab\u0103 de box din piele ZELART (25x18x5cm) 2 buc 8982<\/h3>\n","protected":false},"featured_media":46036,"comment_status":"open","ping_status":"closed","template":"","meta":{"_et_pb_use_builder":"","_et_pb_old_content":"","_et_gb_content_width":""},"product_brand":[1372],"product_cat":[1359,663,656],"product_tag":[851,1353,826,875,1354,1335],"class_list":{"0":"post-46047","1":"product","2":"type-product","3":"status-publish","4":"has-post-thumbnail","6":"product_brand-zelart","7":"product_cat-karate-ro","8":"product_cat-arte-martiale","9":"product_cat-box","10":"product_tag-box","11":"product_tag-inel-ro","12":"product_tag-instruire","13":"product_tag-karate-ro","14":"product_tag-sparring","15":"product_tag-sport-ro","17":"first","18":"instock","19":"shipping-taxable","20":"purchasable","21":"product-type-simple"},"aioseo_notices":[],"_links":{"self":[{"href":"https:\/\/amaldis.md\/ro\/wp-json\/wp\/v2\/product\/46047","targetHints":{"allow":["GET"]}}],"collection":[{"href":"https:\/\/amaldis.md\/ro\/wp-json\/wp\/v2\/product"}],"about":[{"href":"https:\/\/amaldis.md\/ro\/wp-json\/wp\/v2\/types\/product"}],"replies":[{"embeddable":true,"href":"https:\/\/amaldis.md\/ro\/wp-json\/wp\/v2\/comments?post=46047"}],"wp:featuredmedia":[{"embeddable":true,"href":"https:\/\/amaldis.md\/ro\/wp-json\/wp\/v2\/media\/46036"}],"wp:attachment":[{"href":"https:\/\/amaldis.md\/ro\/wp-json\/wp\/v2\/media?parent=46047"}],"wp:term":[{"taxonomy":"product_brand","embeddable":true,"href":"https:\/\/amaldis.md\/ro\/wp-json\/wp\/v2\/product_brand?post=46047"},{"taxonomy":"product_cat","embeddable":true,"href":"https:\/\/amaldis.md\/ro\/wp-json\/wp\/v2\/product_cat?post=46047"},{"taxonomy":"product_tag","embeddable":true,"href":"https:\/\/amaldis.md\/ro\/wp-json\/wp\/v2\/product_tag?post=46047"}],"curies":[{"name":"wp","href":"https:\/\/api.w.org\/{rel}","templated":true}]}}